{"id":852,"date":"2021-09-07T20:04:19","date_gmt":"2021-09-07T18:04:19","guid":{"rendered":"https:\/\/somanimaanimal.org\/es\/?page_id=852"},"modified":"2021-09-07T20:10:07","modified_gmt":"2021-09-07T18:10:07","slug":"recogida-de-firmas","status":"publish","type":"page","link":"https:\/\/somanimaanimal.org\/es\/recogida-de-firmas\/","title":{"rendered":"Recogida de firmas"},"content":{"rendered":"\n<p>Con tu ayuda podremos hacer entender al Ayuntamiento de Matar\u00f3 que la ciudadan\u00eda rechaza la <strong><a href=\"https:\/\/somanimaanimal.org\/es\/2021\/05\/09\/pedimos-detener-las-muertes-de-jabalies-en-la-ciudad-de-mataro\/\">matanza de jabal\u00edes<\/a><\/strong> que se est\u00e1 llevando a cabo actualmente en los bosques que rodean la ciudad.<\/p>\n\n\n\n<p>Por otro lado, tambi\u00e9n nos gustar\u00eda que nos ayudes a conseguir que los responsables municipales reconsideren su negativa a tratar sobre el bienestar de los animales no dom\u00e9sticos en la <strong>Mesa de Bienestar Animal<\/strong>. <\/p>\n\n\n\n<p><strong>\u00a1Hagamos de Matar\u00f3 una ciudad donde realmente se respeten los derechos de los animales!<\/strong><\/p>\n\n\n<noscript class=\"ninja-forms-noscript-message\">\n\tAviso: Se requiere JavaScript para este contenido.<\/noscript>\n<div id=\"nf-form-3-cont\" class=\"nf-form-cont\" aria-live=\"polite\" aria-labelledby=\"nf-form-title-3\" aria-describedby=\"nf-form-errors-3\" role=\"form\">\n\n    <div class=\"nf-loading-spinner\"><\/div>\n\n<\/div>\n        <!-- That data is being printed as a workaround to page builders reordering the order of the scripts loaded-->\n        <script>var formDisplay=1;var nfForms=nfForms||[];var form=[];form.id='3';form.settings={\"objectType\":\"Form Setting\",\"editActive\":true,\"title\":\"Recogida de firmas Ayuntamiento de Matar\\u00f3\",\"created_at\":\"2020-02-15 18:08:38\",\"default_label_pos\":\"above\",\"show_title\":\"0\",\"clear_complete\":\"1\",\"hide_complete\":\"1\",\"logged_in\":\"\",\"key\":\"\",\"conditions\":[],\"wrapper_class\":\"\",\"element_class\":\"\",\"add_submit\":\"1\",\"not_logged_in_msg\":\"\",\"sub_limit_number\":\"\",\"sub_limit_msg\":\"\",\"calculations\":[],\"formContentData\":[\"nombre_y_apellidos_1631036501633\",\"dni_nie_1631036567003\",\"correo_electronico_1581786624414\",\"acabemos_con_las_matanzas_de_jabalies_en_mataro_1631036627693\",\"html_1631036642277\",\"por_una_verdadera_mesa_de_bienestar_animal_1631036792539\",\"html_1631036804496\",\"he_leido_y_acepto_la_politica_de_privacidad_1581786750588\",\"html_1581787646578\",\"envia_1581786659384\"],\"container_styles_background-color\":\"\",\"container_styles_border\":\"\",\"container_styles_border-style\":\"\",\"container_styles_border-color\":\"\",\"container_styles_color\":\"\",\"container_styles_height\":\"\",\"container_styles_width\":\"\",\"container_styles_font-size\":\"\",\"container_styles_margin\":\"\",\"container_styles_padding\":\"\",\"container_styles_display\":\"\",\"container_styles_float\":\"\",\"container_styles_show_advanced_css\":\"0\",\"container_styles_advanced\":\"\",\"title_styles_background-color\":\"\",\"title_styles_border\":\"\",\"title_styles_border-style\":\"\",\"title_styles_border-color\":\"\",\"title_styles_color\":\"\",\"title_styles_height\":\"\",\"title_styles_width\":\"\",\"title_styles_font-size\":\"\",\"title_styles_margin\":\"\",\"title_styles_padding\":\"\",\"title_styles_display\":\"\",\"title_styles_float\":\"\",\"title_styles_show_advanced_css\":\"0\",\"title_styles_advanced\":\"\",\"row_styles_background-color\":\"\",\"row_styles_border\":\"\",\"row_styles_border-style\":\"\",\"row_styles_border-color\":\"\",\"row_styles_color\":\"\",\"row_styles_height\":\"\",\"row_styles_width\":\"\",\"row_styles_font-size\":\"\",\"row_styles_margin\":\"\",\"row_styles_padding\":\"\",\"row_styles_display\":\"\",\"row_styles_show_advanced_css\":\"0\",\"row_styles_advanced\":\"\",\"row-odd_styles_background-color\":\"\",\"row-odd_styles_border\":\"\",\"row-odd_styles_border-style\":\"\",\"row-odd_styles_border-color\":\"\",\"row-odd_styles_color\":\"\",\"row-odd_styles_height\":\"\",\"row-odd_styles_width\":\"\",\"row-odd_styles_font-size\":\"\",\"row-odd_styles_margin\":\"\",\"row-odd_styles_padding\":\"\",\"row-odd_styles_display\":\"\",\"row-odd_styles_show_advanced_css\":\"0\",\"row-odd_styles_advanced\":\"\",\"success-msg_styles_background-color\":\"\",\"success-msg_styles_border\":\"\",\"success-msg_styles_border-style\":\"\",\"success-msg_styles_border-color\":\"\",\"success-msg_styles_color\":\"\",\"success-msg_styles_height\":\"\",\"success-msg_styles_width\":\"\",\"success-msg_styles_font-size\":\"\",\"success-msg_styles_margin\":\"\",\"success-msg_styles_padding\":\"\",\"success-msg_styles_display\":\"\",\"success-msg_styles_show_advanced_css\":\"0\",\"success-msg_styles_advanced\":\"\",\"error_msg_styles_background-color\":\"\",\"error_msg_styles_border\":\"\",\"error_msg_styles_border-style\":\"\",\"error_msg_styles_border-color\":\"\",\"error_msg_styles_color\":\"\",\"error_msg_styles_height\":\"\",\"error_msg_styles_width\":\"\",\"error_msg_styles_font-size\":\"\",\"error_msg_styles_margin\":\"\",\"error_msg_styles_padding\":\"\",\"error_msg_styles_display\":\"\",\"error_msg_styles_show_advanced_css\":\"0\",\"error_msg_styles_advanced\":\"\",\"currency\":\"\",\"unique_field_error\":\"Ya se ha enviado un formulario con este valor.\",\"changeEmailErrorMsg\":\"Introduce una direcci\\u00f3n de correo electr\\u00f3nico v\\u00e1lida.\",\"changeDateErrorMsg\":\"\\u00a1Introduce una fecha v\\u00e1lida!\",\"confirmFieldErrorMsg\":\"Estos campos deben coincidir.\",\"fieldNumberNumMinError\":\"Error de n\\u00famero m\\u00ednimo\",\"fieldNumberNumMaxError\":\"Error de n\\u00famero m\\u00e1ximo\",\"fieldNumberIncrementBy\":\"Increm\\u00e9ntalo por \",\"formErrorsCorrectErrors\":\"Corrige los errores antes de enviar este formulario.\",\"validateRequiredField\":\"Esto es un campo obligatorio.\",\"honeypotHoneypotError\":\"Error de Honeypot\",\"fieldsMarkedRequired\":\"   \",\"drawerDisabled\":false,\"allow_public_link\":0,\"embed_form\":\"\",\"repeatable_fieldsets\":\"\",\"unique_field\":\"dni_nie_1631036567003\",\"ninjaForms\":\"Ninja Forms\",\"fieldTextareaRTEInsertLink\":\"Insertar enlace\",\"fieldTextareaRTEInsertMedia\":\"Insertar medios\",\"fieldTextareaRTESelectAFile\":\"Seleccione un archivo\",\"formHoneypot\":\"Si eres un ser humano y est\\u00e1s viendo este campo, por favor d\\u00e9jalo vac\\u00edo.\",\"fileUploadOldCodeFileUploadInProgress\":\"Subida de archivo en curso.\",\"fileUploadOldCodeFileUpload\":\"SUBIDA DE ARCHIVO\",\"currencySymbol\":false,\"thousands_sep\":\".\",\"decimal_point\":\",\",\"siteLocale\":\"es_ES\",\"dateFormat\":\"m\\\/d\\\/Y\",\"startOfWeek\":\"1\",\"of\":\"de\",\"previousMonth\":\"Mes anterior\",\"nextMonth\":\"Pr\\u00f3ximo mes\",\"months\":[\"Enero\",\"Febrero\",\"Marzo\",\"Abril\",\"Mayo\",\"Junio\",\"Julio\",\"Agosto\",\"Septiembre\",\"Octubre\",\"Noviembre\",\"Diciembre\"],\"monthsShort\":[\"Ene\",\"Feb\",\"Mar\",\"Abr\",\"Mayo\",\"Jun\",\"Jul\",\"Ago\",\"Sep\",\"Oct\",\"Nov\",\"Dic\"],\"weekdays\":[\"Domingo\",\"Lunes\",\"Martes\",\"Mi\\u00e9rcoles\",\"Jueves\",\"Viernes\",\"S\\u00e1bado\"],\"weekdaysShort\":[\"Dom\",\"Lun\",\"Mar\",\"Mi\\u00e9\",\"Jue\",\"Vie\",\"S\\u00e1b\"],\"weekdaysMin\":[\"Do\",\"Lu\",\"Ma\",\"Mi\",\"Ju\",\"Vi\",\"S\\u00e1\"],\"recaptchaConsentMissing\":\"reCaptcha validation couldn&#039;t load.\",\"recaptchaMissingCookie\":\"reCaptcha v3 validation couldn&#039;t load the cookie needed to submit the form.\",\"recaptchaConsentEvent\":\"Accept reCaptcha cookies before sending the form.\",\"currency_symbol\":\"\",\"beforeForm\":\"\",\"beforeFields\":\"\",\"afterFields\":\"\",\"afterForm\":\"\"};form.fields=[{\"objectType\":\"Field\",\"objectDomain\":\"fields\",\"editActive\":false,\"order\":1,\"idAttribute\":\"id\",\"label_pos\":\"above\",\"required\":1,\"placeholder\":\"\",\"default\":\"\",\"wrapper_class\":\"\",\"element_class\":\"\",\"container_class\":\"\",\"input_limit\":\"\",\"input_limit_type\":\"characters\",\"input_limit_msg\":\"Character(s) left\",\"manual_key\":\"\",\"disable_input\":\"\",\"admin_label\":\"\",\"help_text\":\"\",\"desc_text\":\"\",\"disable_browser_autocomplete\":\"\",\"mask\":\"\",\"custom_mask\":\"\",\"wrap_styles_background-color\":\"\",\"wrap_styles_border\":\"\",\"wrap_styles_border-style\":\"\",\"wrap_styles_border-color\":\"\",\"wrap_styles_color\":\"\",\"wrap_styles_height\":\"\",\"wrap_styles_width\":\"\",\"wrap_styles_font-size\":\"\",\"wrap_styles_margin\":\"\",\"wrap_styles_padding\":\"\",\"wrap_styles_display\":\"\",\"wrap_styles_float\":\"\",\"wrap_styles_show_advanced_css\":0,\"wrap_styles_advanced\":\"\",\"label_styles_background-color\":\"\",\"label_styles_border\":\"\",\"label_styles_border-style\":\"\",\"label_styles_border-color\":\"\",\"label_styles_color\":\"\",\"label_styles_height\":\"\",\"label_styles_width\":\"\",\"label_styles_font-size\":\"\",\"label_styles_margin\":\"\",\"label_styles_padding\":\"\",\"label_styles_display\":\"\",\"label_styles_float\":\"\",\"label_styles_show_advanced_css\":0,\"label_styles_advanced\":\"\",\"element_styles_background-color\":\"\",\"element_styles_border\":\"\",\"element_styles_border-style\":\"\",\"element_styles_border-color\":\"\",\"element_styles_color\":\"\",\"element_styles_height\":\"\",\"element_styles_width\":\"\",\"element_styles_font-size\":\"\",\"element_styles_margin\":\"\",\"element_styles_padding\":\"\",\"element_styles_display\":\"\",\"element_styles_float\":\"\",\"element_styles_show_advanced_css\":0,\"element_styles_advanced\":\"\",\"cellcid\":\"c3277\",\"field_label\":\"Nombre\",\"field_key\":\"nombre_1581786631057\",\"label\":\"Nombre y apellidos\",\"key\":\"nombre_y_apellidos_1631036501633\",\"type\":\"textbox\",\"created_at\":\"2020-02-15 18:08:38\",\"custom_name_attribute\":\"\",\"personally_identifiable\":\"\",\"value\":\"\",\"drawerDisabled\":false,\"id\":35,\"beforeField\":\"\",\"afterField\":\"\",\"parentType\":\"textbox\",\"element_templates\":[\"textbox\",\"input\"],\"old_classname\":\"\",\"wrap_template\":\"wrap\"},{\"objectType\":\"Field\",\"objectDomain\":\"fields\",\"editActive\":false,\"order\":2,\"idAttribute\":\"id\",\"label\":\"DNI \\\/ NIE\",\"type\":\"textbox\",\"key\":\"dni_nie_1631036567003\",\"label_pos\":\"above\",\"required\":1,\"default\":\"\",\"placeholder\":\"\",\"container_class\":\"\",\"element_class\":\"\",\"input_limit\":\"\",\"input_limit_type\":\"characters\",\"input_limit_msg\":\"Caracteres restantes\",\"manual_key\":false,\"admin_label\":\"\",\"help_text\":\"\",\"mask\":\"\",\"custom_mask\":\"\",\"custom_name_attribute\":\"\",\"personally_identifiable\":\"\",\"value\":\"\",\"drawerDisabled\":false,\"id\":41,\"beforeField\":\"\",\"afterField\":\"\",\"parentType\":\"textbox\",\"element_templates\":[\"textbox\",\"input\"],\"old_classname\":\"\",\"wrap_template\":\"wrap\"},{\"objectType\":\"Field\",\"objectDomain\":\"fields\",\"editActive\":false,\"order\":3,\"idAttribute\":\"id\",\"label_pos\":\"above\",\"required\":1,\"placeholder\":\"\",\"default\":\"\",\"wrapper_class\":\"\",\"element_class\":\"\",\"container_class\":\"\",\"admin_label\":\"\",\"help_text\":\"\",\"desc_text\":\"\",\"wrap_styles_background-color\":\"\",\"wrap_styles_border\":\"\",\"wrap_styles_border-style\":\"\",\"wrap_styles_border-color\":\"\",\"wrap_styles_color\":\"\",\"wrap_styles_height\":\"\",\"wrap_styles_width\":\"\",\"wrap_styles_font-size\":\"\",\"wrap_styles_margin\":\"\",\"wrap_styles_padding\":\"\",\"wrap_styles_display\":\"\",\"wrap_styles_float\":\"\",\"wrap_styles_show_advanced_css\":0,\"wrap_styles_advanced\":\"\",\"label_styles_background-color\":\"\",\"label_styles_border\":\"\",\"label_styles_border-style\":\"\",\"label_styles_border-color\":\"\",\"label_styles_color\":\"\",\"label_styles_height\":\"\",\"label_styles_width\":\"\",\"label_styles_font-size\":\"\",\"label_styles_margin\":\"\",\"label_styles_padding\":\"\",\"label_styles_display\":\"\",\"label_styles_float\":\"\",\"label_styles_show_advanced_css\":0,\"label_styles_advanced\":\"\",\"element_styles_background-color\":\"\",\"element_styles_border\":\"\",\"element_styles_border-style\":\"\",\"element_styles_border-color\":\"\",\"element_styles_color\":\"\",\"element_styles_height\":\"\",\"element_styles_width\":\"\",\"element_styles_font-size\":\"\",\"element_styles_margin\":\"\",\"element_styles_padding\":\"\",\"element_styles_display\":\"\",\"element_styles_float\":\"\",\"element_styles_show_advanced_css\":0,\"element_styles_advanced\":\"\",\"cellcid\":\"c3281\",\"field_label\":\"Correo electr\\u00f3nico\",\"field_key\":\"correo_electronico_1581786624414\",\"label\":\"Correo electr\\u00f3nico\",\"key\":\"correo_electronico_1581786624414\",\"type\":\"email\",\"created_at\":\"2020-02-15 18:08:38\",\"custom_name_attribute\":\"email\",\"personally_identifiable\":1,\"value\":\"\",\"drawerDisabled\":false,\"id\":36,\"beforeField\":\"\",\"afterField\":\"\",\"parentType\":\"email\",\"element_templates\":[\"email\",\"input\"],\"old_classname\":\"\",\"wrap_template\":\"wrap\"},{\"objectType\":\"Field\",\"objectDomain\":\"fields\",\"editActive\":false,\"order\":4,\"idAttribute\":\"id\",\"label\":\"\\u00a1Acabemos con las matanzas de jabal\\u00edes en Matar\\u00f3!\",\"type\":\"checkbox\",\"key\":\"acabemos_con_las_matanzas_de_jabalies_en_mataro_1631036627693\",\"label_pos\":\"right\",\"required\":false,\"container_class\":\"\",\"element_class\":\"\",\"manual_key\":false,\"admin_label\":\"\",\"help_text\":\"\",\"default_value\":\"unchecked\",\"checked_value\":\"Marcado\",\"unchecked_value\":\"Desmarcado\",\"checked_calc_value\":\"\",\"unchecked_calc_value\":\"\",\"drawerDisabled\":false,\"id\":42,\"beforeField\":\"\",\"afterField\":\"\",\"value\":\"\",\"parentType\":\"checkbox\",\"element_templates\":[\"checkbox\",\"input\"],\"old_classname\":\"\",\"wrap_template\":\"wrap\"},{\"objectType\":\"Field\",\"objectDomain\":\"fields\",\"editActive\":false,\"order\":5,\"idAttribute\":\"id\",\"label\":\"HTML\",\"type\":\"html\",\"default\":\"Con mi firma me adhiero a la solicitud para que el Ayuntamiento de Matar\\u00f3 detenga de forma inmediata la captura y muerte de jabal\\u00edes dentro del t\\u00e9rmino municipal, haga una evaluaci\\u00f3n rigurosa de la posible problem\\u00e1tica y, en caso de que resultara imprescindible, emplee m\\u00e9todos \\u00e9ticos de control poblacional.\",\"container_class\":\"\",\"element_class\":\"\",\"key\":\"html_1631036642277\",\"drawerDisabled\":false,\"id\":43,\"beforeField\":\"\",\"afterField\":\"\",\"value\":\"Con mi firma me adhiero a la solicitud para que el Ayuntamiento de Matar\\u00f3 detenga de forma inmediata la captura y muerte de jabal\\u00edes dentro del t\\u00e9rmino municipal, haga una evaluaci\\u00f3n rigurosa de la posible problem\\u00e1tica y, en caso de que resultara imprescindible, emplee m\\u00e9todos \\u00e9ticos de control poblacional.\",\"label_pos\":\"above\",\"parentType\":\"html\",\"element_templates\":[\"html\",\"input\"],\"old_classname\":\"\",\"wrap_template\":\"wrap\"},{\"objectType\":\"Field\",\"objectDomain\":\"fields\",\"editActive\":false,\"order\":6,\"idAttribute\":\"id\",\"label\":\"Por una verdadera Mesa de Bienestar Animal\",\"type\":\"checkbox\",\"key\":\"por_una_verdadera_mesa_de_bienestar_animal_1631036792539\",\"label_pos\":\"right\",\"required\":false,\"container_class\":\"\",\"element_class\":\"\",\"manual_key\":false,\"admin_label\":\"\",\"help_text\":\"\",\"default_value\":\"unchecked\",\"checked_value\":\"Marcado\",\"unchecked_value\":\"Desmarcado\",\"checked_calc_value\":\"\",\"unchecked_calc_value\":\"\",\"drawerDisabled\":false,\"id\":44,\"beforeField\":\"\",\"afterField\":\"\",\"value\":\"\",\"parentType\":\"checkbox\",\"element_templates\":[\"checkbox\",\"input\"],\"old_classname\":\"\",\"wrap_template\":\"wrap\"},{\"objectType\":\"Field\",\"objectDomain\":\"fields\",\"editActive\":false,\"order\":7,\"idAttribute\":\"id\",\"label\":\"HTML\",\"type\":\"html\",\"default\":\"<p>Con mi firma me adhiero a la solicitud para que el Ayuntamiento de Matar\\u00f3 permita hablar y debatir sobre el bienestar de animales no dom\\u00e9sticos de responsabilidad municipal (jabal\\u00edes, palomas, cotorras, etc.) en la Mesa de Bienestar Animal.<br><\\\/p>\",\"container_class\":\"\",\"element_class\":\"\",\"key\":\"html_1631036804496\",\"drawerDisabled\":false,\"id\":45,\"beforeField\":\"\",\"afterField\":\"\",\"value\":\"<p>Con mi firma me adhiero a la solicitud para que el Ayuntamiento de Matar\\u00f3 permita hablar y debatir sobre el bienestar de animales no dom\\u00e9sticos de responsabilidad municipal (jabal\\u00edes, palomas, cotorras, etc.) en la Mesa de Bienestar Animal.<br><\\\/p>\",\"label_pos\":\"above\",\"parentType\":\"html\",\"element_templates\":[\"html\",\"input\"],\"old_classname\":\"\",\"wrap_template\":\"wrap\"},{\"objectType\":\"Field\",\"objectDomain\":\"fields\",\"editActive\":false,\"order\":8,\"idAttribute\":\"id\",\"label\":\"He le\\u00eddo y acepto la pol\\u00edtica de privacidad\",\"type\":\"checkbox\",\"key\":\"he_leido_y_acepto_la_politica_de_privacidad_1581786750588\",\"label_pos\":\"right\",\"required\":1,\"container_class\":\"\",\"element_class\":\"\",\"manual_key\":\"\",\"admin_label\":\"\",\"help_text\":\"\",\"desc_text\":\"\",\"default_value\":\"unchecked\",\"checked_value\":\"Marcado\",\"unchecked_value\":\"Desmarcado\",\"checked_calc_value\":\"\",\"unchecked_calc_value\":\"\",\"drawerDisabled\":\"\",\"field_label\":\"He le\\u00eddo y acepto la pol\\u00edtica de privacidad\",\"field_key\":\"he_leido_y_acepto_la_politica_de_privacidad_1581786750588\",\"id\":39,\"beforeField\":\"\",\"afterField\":\"\",\"value\":\"\",\"parentType\":\"checkbox\",\"element_templates\":[\"checkbox\",\"input\"],\"old_classname\":\"\",\"wrap_template\":\"wrap\"},{\"objectType\":\"Field\",\"objectDomain\":\"fields\",\"editActive\":false,\"order\":9,\"idAttribute\":\"id\",\"label\":\"HTML\",\"type\":\"html\",\"default\":\"<p>Tus datos servir\\u00e1n exclusivamente para presentar las solicitudes firmadas ante el Ayuntamiento de Matar\\u00f3. Salvo obligaci\\u00f3n legal, en ning\\u00fan caso compartiremos tus datos con terceros. En cualquier momento podr\\u00e1s ejercer tus derechos de acceso, rectificaci\\u00f3n, cancelaci\\u00f3n y oposici\\u00f3n mediante la <a href=\\\"https:\\\/\\\/somanimaanimal.org\\\/es\\\/contacta\\\/\\\" target=\\\"_blank\\\">p\\u00e1gina de contacto<\\\/a>. Puedes consultar nuestra pol\\u00edtica de privacidad <a href=\\\"https:\\\/\\\/somanimaanimal.org\\\/es\\\/politica-de-privacidad\\\/\\\" target=\\\"_blank\\\">aqu\\u00ed<\\\/a>.<br><\\\/p>\",\"container_class\":\"\",\"element_class\":\"\",\"key\":\"html_1581787646578\",\"drawerDisabled\":false,\"field_label\":\"HTML\",\"field_key\":\"html_1581787646578\",\"id\":40,\"beforeField\":\"\",\"afterField\":\"\",\"value\":\"<p>Tus datos servir\\u00e1n exclusivamente para presentar las solicitudes firmadas ante el Ayuntamiento de Matar\\u00f3. Salvo obligaci\\u00f3n legal, en ning\\u00fan caso compartiremos tus datos con terceros. En cualquier momento podr\\u00e1s ejercer tus derechos de acceso, rectificaci\\u00f3n, cancelaci\\u00f3n y oposici\\u00f3n mediante la <a href=\\\"https:\\\/\\\/somanimaanimal.org\\\/es\\\/contacta\\\/\\\" target=\\\"_blank\\\">p\\u00e1gina de contacto<\\\/a>. Puedes consultar nuestra pol\\u00edtica de privacidad <a href=\\\"https:\\\/\\\/somanimaanimal.org\\\/es\\\/politica-de-privacidad\\\/\\\" target=\\\"_blank\\\">aqu\\u00ed<\\\/a>.<br><\\\/p>\",\"label_pos\":\"above\",\"parentType\":\"html\",\"element_templates\":[\"html\",\"input\"],\"old_classname\":\"\",\"wrap_template\":\"wrap\"},{\"objectType\":\"Field\",\"objectDomain\":\"fields\",\"editActive\":false,\"order\":10,\"idAttribute\":\"id\",\"processing_label\":\"Procesando...\",\"container_class\":\"\",\"element_class\":\"\",\"wrap_styles_background-color\":\"\",\"wrap_styles_border\":\"\",\"wrap_styles_border-style\":\"\",\"wrap_styles_border-color\":\"\",\"wrap_styles_color\":\"\",\"wrap_styles_height\":\"\",\"wrap_styles_width\":\"\",\"wrap_styles_font-size\":\"\",\"wrap_styles_margin\":\"\",\"wrap_styles_padding\":\"\",\"wrap_styles_display\":\"\",\"wrap_styles_float\":\"\",\"wrap_styles_show_advanced_css\":0,\"wrap_styles_advanced\":\"\",\"label_styles_background-color\":\"\",\"label_styles_border\":\"\",\"label_styles_border-style\":\"\",\"label_styles_border-color\":\"\",\"label_styles_color\":\"\",\"label_styles_height\":\"\",\"label_styles_width\":\"\",\"label_styles_font-size\":\"\",\"label_styles_margin\":\"\",\"label_styles_padding\":\"\",\"label_styles_display\":\"\",\"label_styles_float\":\"\",\"label_styles_show_advanced_css\":0,\"label_styles_advanced\":\"\",\"element_styles_background-color\":\"\",\"element_styles_border\":\"\",\"element_styles_border-style\":\"\",\"element_styles_border-color\":\"\",\"element_styles_color\":\"\",\"element_styles_height\":\"\",\"element_styles_width\":\"\",\"element_styles_font-size\":\"\",\"element_styles_margin\":\"\",\"element_styles_padding\":\"\",\"element_styles_display\":\"\",\"element_styles_float\":\"\",\"element_styles_show_advanced_css\":0,\"element_styles_advanced\":\"\",\"submit_element_hover_styles_background-color\":\"\",\"submit_element_hover_styles_border\":\"\",\"submit_element_hover_styles_border-style\":\"\",\"submit_element_hover_styles_border-color\":\"\",\"submit_element_hover_styles_color\":\"\",\"submit_element_hover_styles_height\":\"\",\"submit_element_hover_styles_width\":\"\",\"submit_element_hover_styles_font-size\":\"\",\"submit_element_hover_styles_margin\":\"\",\"submit_element_hover_styles_padding\":\"\",\"submit_element_hover_styles_display\":\"\",\"submit_element_hover_styles_float\":\"\",\"submit_element_hover_styles_show_advanced_css\":0,\"submit_element_hover_styles_advanced\":\"\",\"cellcid\":\"c3287\",\"field_label\":\"ENV\\u00cdA\",\"field_key\":\"envia_1581786659384\",\"label\":\"ENV\\u00cdA\",\"key\":\"envia_1581786659384\",\"type\":\"submit\",\"created_at\":\"2020-02-15 18:08:38\",\"drawerDisabled\":\"\",\"id\":38,\"beforeField\":\"\",\"afterField\":\"\",\"value\":\"\",\"label_pos\":\"above\",\"parentType\":\"textbox\",\"element_templates\":[\"submit\",\"button\",\"input\"],\"old_classname\":\"\",\"wrap_template\":\"wrap-no-label\"}];nfForms.push(form);<\/script>\n        ","protected":false},"excerpt":{"rendered":"<p>Con tu ayuda podremos hacer entender al Ayuntamiento de Matar\u00f3 que la ciudadan\u00eda rechaza la matanza de jabal\u00edes que se est\u00e1 llevando a cabo actualmente en los bosques que rodean la ciudad. Por otro lado, tambi\u00e9n nos gustar\u00eda que nos ayudes a conseguir que los responsables municipales reconsideren su negativa a tratar sobre el bienestar &hellip; <a href=\"https:\/\/somanimaanimal.org\/es\/recogida-de-firmas\/\" class=\"more-link\">Seguir leyendo <span class=\"screen-reader-text\">Recogida de firmas<\/span> <span class=\"meta-nav\">&rarr;<\/span><\/a><\/p>\n","protected":false},"author":1,"featured_media":0,"parent":0,"menu_order":0,"comment_status":"closed","ping_status":"closed","template":"","meta":{"footnotes":""},"class_list":["post-852","page","type-page","status-publish","hentry"],"_links":{"self":[{"href":"https:\/\/somanimaanimal.org\/es\/wp-json\/wp\/v2\/pages\/852","targetHints":{"allow":["GET"]}}],"collection":[{"href":"https:\/\/somanimaanimal.org\/es\/wp-json\/wp\/v2\/pages"}],"about":[{"href":"https:\/\/somanimaanimal.org\/es\/wp-json\/wp\/v2\/types\/page"}],"author":[{"embeddable":true,"href":"https:\/\/somanimaanimal.org\/es\/wp-json\/wp\/v2\/users\/1"}],"replies":[{"embeddable":true,"href":"https:\/\/somanimaanimal.org\/es\/wp-json\/wp\/v2\/comments?post=852"}],"version-history":[{"count":6,"href":"https:\/\/somanimaanimal.org\/es\/wp-json\/wp\/v2\/pages\/852\/revisions"}],"predecessor-version":[{"id":859,"href":"https:\/\/somanimaanimal.org\/es\/wp-json\/wp\/v2\/pages\/852\/revisions\/859"}],"wp:attachment":[{"href":"https:\/\/somanimaanimal.org\/es\/wp-json\/wp\/v2\/media?parent=852"}],"curies":[{"name":"wp","href":"https:\/\/api.w.org\/{rel}","templated":true}]}}