{"id":736,"date":"2020-12-08T18:37:30","date_gmt":"2020-12-08T17:37:30","guid":{"rendered":"http:\/\/somanimaanimal.org\/es\/?page_id=736"},"modified":"2021-01-23T18:08:33","modified_gmt":"2021-01-23T17:08:33","slug":"ayudanos-con-teaming","status":"publish","type":"page","link":"https:\/\/somanimaanimal.org\/es\/ayudanos-con-teaming\/","title":{"rendered":"Ay\u00fadanos con Teaming"},"content":{"rendered":"\n<p>\u00bfQuieres ayudarnos econ\u00f3micamente? Con la plataforma <a href=\"https:\/\/www.teaming.net\/animaanimal\">Teaming<\/a> nos puedes dar una mano con s\u00f3lo un euro al mes; \u00a1parece poco pero para nosotros significa una gran diferencia!<\/p>\n\n\n\n<p>Gracias a tu ayuda podremos crear material para la divulgaci\u00f3n del veganismo, organizar charlas, talleres pr\u00e1cticos, ferias, apoyar a personas y familias en el tr\u00e1nsito hacia el veganismo y llevar a cabo acciones de activismo pac\u00edfico y educativo.<\/p>\n\n\n\n<p>Adem\u00e1s, las aportaciones v\u00eda Teaming dan derecho a <a href=\"https:\/\/faqs.teaming.net\/es\/como-obtener-un-certificado-de-donaciones-teaming-espana\/#\">desgravaci\u00f3n fiscal<\/a> en la declaraci\u00f3n de la renta.<\/p>\n\n\n<p><iframe loading=\"lazy\" style=\"overflow: hidden;\" src=\"https:\/\/www.teaming.net\/group\/spread\/widgets\/N2hnSG2SNV2T9QNT4uhIJvlqrlOuVSojeK91ZjcQPu17e\/6?lang=es_ES&amp;TM=true\" scrolling=\"no\" width=\"696\" height=\"480\" frameborder=\"0\"><\/iframe><\/p>\n\n\n<p><em>Si quieres, puedes considerar tambi\u00e9n <a href=\"https:\/\/somanimaanimal.org\/es\/solicitud-de-alta-de-socia-socio\/\">hacerte socia \/ socio<\/a> de <strong>\u00e0nimaL<\/strong>: actualmente la cuota de socia es de un euro mensual que pagamos con este mismo grupo de Teaming.<\/em><\/p>\n","protected":false},"excerpt":{"rendered":"<p>\u00bfQuieres ayudarnos econ\u00f3micamente? Con la plataforma Teaming nos puedes dar una mano con s\u00f3lo un euro al mes; \u00a1parece poco pero para nosotros significa una gran diferencia! Gracias a tu ayuda podremos crear material para la divulgaci\u00f3n del veganismo, organizar charlas, talleres pr\u00e1cticos, ferias, apoyar a personas y familias en el tr\u00e1nsito hacia el veganismo &hellip; <a href=\"https:\/\/somanimaanimal.org\/es\/ayudanos-con-teaming\/\" class=\"more-link\">Seguir leyendo <span class=\"screen-reader-text\">Ay\u00fadanos con Teaming<\/span> <span class=\"meta-nav\">&rarr;<\/span><\/a><\/p>\n","protected":false},"author":1,"featured_media":0,"parent":0,"menu_order":0,"comment_status":"closed","ping_status":"closed","template":"","meta":{"footnotes":""},"class_list":["post-736","page","type-page","status-publish","hentry"],"_links":{"self":[{"href":"https:\/\/somanimaanimal.org\/es\/wp-json\/wp\/v2\/pages\/736","targetHints":{"allow":["GET"]}}],"collection":[{"href":"https:\/\/somanimaanimal.org\/es\/wp-json\/wp\/v2\/pages"}],"about":[{"href":"https:\/\/somanimaanimal.org\/es\/wp-json\/wp\/v2\/types\/page"}],"author":[{"embeddable":true,"href":"https:\/\/somanimaanimal.org\/es\/wp-json\/wp\/v2\/users\/1"}],"replies":[{"embeddable":true,"href":"https:\/\/somanimaanimal.org\/es\/wp-json\/wp\/v2\/comments?post=736"}],"version-history":[{"count":12,"href":"https:\/\/somanimaanimal.org\/es\/wp-json\/wp\/v2\/pages\/736\/revisions"}],"predecessor-version":[{"id":777,"href":"https:\/\/somanimaanimal.org\/es\/wp-json\/wp\/v2\/pages\/736\/revisions\/777"}],"wp:attachment":[{"href":"https:\/\/somanimaanimal.org\/es\/wp-json\/wp\/v2\/media?parent=736"}],"curies":[{"name":"wp","href":"https:\/\/api.w.org\/{rel}","templated":true}]}}