{"id":696,"date":"2020-10-24T18:43:04","date_gmt":"2020-10-24T16:43:04","guid":{"rendered":"http:\/\/somanimaanimal.org\/es\/?page_id=696"},"modified":"2023-08-30T17:58:31","modified_gmt":"2023-08-30T15:58:31","slug":"material-de-activismo","status":"publish","type":"page","link":"https:\/\/somanimaanimal.org\/es\/material-de-activismo\/","title":{"rendered":"Material de activismo"},"content":{"rendered":"\n<p>Ponemos a disposici\u00f3n de todas aquellas personas que deseen hacer activismo los dise\u00f1os de nuestro material (se puede imprimir libremente o distribuirlo por redes sociales siempre que sea de forma \u00edntegra, sin a\u00f1adir o eliminar ning\u00fan elemento). <a href=\"https:\/\/drive.google.com\/drive\/folders\/1OOF-4kHm2xFpRjT_t5uznQNzy6q4t7Nc?usp=sharing\">Descarga v\u00eda Google Drive aqu\u00ed<\/a>.<\/p>\n\n\n\n<div class=\"wp-block-columns is-layout-flex wp-container-core-columns-is-layout-9d6595d7 wp-block-columns-is-layout-flex\">\n<div class=\"wp-block-column is-layout-flow wp-block-column-is-layout-flow\" style=\"flex-basis:100%\">\n<figure class=\"wp-block-gallery has-nested-images columns-default is-cropped wp-block-gallery-1 is-layout-flex wp-block-gallery-is-layout-flex\">\n<figure class=\"wp-block-image size-large\"><img decoding=\"async\" data-id=\"825\" src=\"http:\/\/somanimaanimal.org\/cat\/wp-content\/uploads\/sites\/4\/2020\/10\/Flyer-animaL-724x1024.jpg\" alt=\"\" class=\"wp-image-825\"\/><\/figure>\n\n\n\n<figure class=\"wp-block-image size-large\"><img decoding=\"async\" data-id=\"823\" src=\"http:\/\/somanimaanimal.org\/cat\/wp-content\/uploads\/sites\/4\/2020\/10\/Triptic-esportistes-1024x789.jpg\" alt=\"\" class=\"wp-image-823\"\/><\/figure>\n\n\n\n<figure class=\"wp-block-image size-large\"><img decoding=\"async\" data-id=\"1039\" src=\"http:\/\/somanimaanimal.org\/cat\/wp-content\/uploads\/sites\/4\/2021\/07\/Ous-i-pollastres-724x1024.jpg\" alt=\"\" class=\"wp-image-1039\"\/><\/figure>\n\n\n\n<figure class=\"wp-block-image size-large\"><img decoding=\"async\" data-id=\"824\" src=\"http:\/\/somanimaanimal.org\/cat\/wp-content\/uploads\/sites\/4\/2020\/10\/Carn-de-porc-730x1024.jpg\" alt=\"\" class=\"wp-image-824\"\/><\/figure>\n\n\n\n<figure class=\"wp-block-image size-large\"><img decoding=\"async\" data-id=\"822\" src=\"http:\/\/somanimaanimal.org\/cat\/wp-content\/uploads\/sites\/4\/2020\/10\/Peix-i-marisc-730x1024.jpg\" alt=\"\" class=\"wp-image-822\"\/><\/figure>\n\n\n\n<figure class=\"wp-block-image size-large\"><img decoding=\"async\" data-id=\"821\" src=\"http:\/\/somanimaanimal.org\/cat\/wp-content\/uploads\/sites\/4\/2020\/10\/Lactics-i-vedella-724x1024.jpg\" alt=\"\" class=\"wp-image-821\"\/><\/figure>\n<\/figure>\n<\/div>\n<\/div>\n","protected":false},"excerpt":{"rendered":"<p>Ponemos a disposici\u00f3n de todas aquellas personas que deseen hacer activismo los dise\u00f1os de nuestro material (se puede imprimir libremente o distribuirlo por redes sociales siempre que sea de forma \u00edntegra, sin a\u00f1adir o eliminar ning\u00fan elemento). Descarga v\u00eda Google Drive aqu\u00ed.<\/p>\n","protected":false},"author":1,"featured_media":0,"parent":0,"menu_order":0,"comment_status":"closed","ping_status":"closed","template":"","meta":{"footnotes":""},"class_list":["post-696","page","type-page","status-publish","hentry"],"_links":{"self":[{"href":"https:\/\/somanimaanimal.org\/es\/wp-json\/wp\/v2\/pages\/696","targetHints":{"allow":["GET"]}}],"collection":[{"href":"https:\/\/somanimaanimal.org\/es\/wp-json\/wp\/v2\/pages"}],"about":[{"href":"https:\/\/somanimaanimal.org\/es\/wp-json\/wp\/v2\/types\/page"}],"author":[{"embeddable":true,"href":"https:\/\/somanimaanimal.org\/es\/wp-json\/wp\/v2\/users\/1"}],"replies":[{"embeddable":true,"href":"https:\/\/somanimaanimal.org\/es\/wp-json\/wp\/v2\/comments?post=696"}],"version-history":[{"count":4,"href":"https:\/\/somanimaanimal.org\/es\/wp-json\/wp\/v2\/pages\/696\/revisions"}],"predecessor-version":[{"id":899,"href":"https:\/\/somanimaanimal.org\/es\/wp-json\/wp\/v2\/pages\/696\/revisions\/899"}],"wp:attachment":[{"href":"https:\/\/somanimaanimal.org\/es\/wp-json\/wp\/v2\/media?parent=696"}],"curies":[{"name":"wp","href":"https:\/\/api.w.org\/{rel}","templated":true}]}}