{"id":681,"date":"2020-10-18T18:49:01","date_gmt":"2020-10-18T16:49:01","guid":{"rendered":"http:\/\/somanimaanimal.org\/es\/?page_id=681"},"modified":"2021-06-13T21:01:30","modified_gmt":"2021-06-13T19:01:30","slug":"recetas-de-cocina-vegana","status":"publish","type":"page","link":"https:\/\/somanimaanimal.org\/es\/recetas-de-cocina-vegana\/","title":{"rendered":"Recetas de cocina vegana"},"content":{"rendered":"<h1>Productos veganos cerca de casa<\/h1>\n<p>En <a href=\"https:\/\/somanimaanimal.org\/es\/wp-content\/uploads\/sites\/2\/2020\/04\/ESP-Productos-veganos-cerca-de-casa.pdf\">este documento<\/a>&nbsp; encontrareis una gu\u00eda para localizar productos veganos en la comarca del Maresme:<\/p>\n\n\n<div class=\"wp-block-image\"><figure class=\"aligncenter size-large\"><img decoding=\"async\" src=\"https:\/\/somanimaanimal.org\/es\/wp-content\/uploads\/sites\/2\/2020\/04\/ESP-Productos-veganos-cerca-de-casa.jpg\" alt=\"\"\/><\/figure><\/div>\n\n\n\n<p><\/p>\n\n\n\n<h2 class=\"wp-block-heading\">Bocadillos veganos<\/h2>\n\n\n\n<p>Y <a href=\"https:\/\/somanimaanimal.org\/cat\/wp-content\/uploads\/sites\/4\/2020\/04\/Lista-bocadillos-dulces-salados.pdf\">aqu\u00ed<\/a> encontrareis todo de ideas para hacer deliciosos bocadillos veganos:<\/p>\n\n\n\n<div class=\"wp-block-image\"><figure class=\"aligncenter size-large\"><img decoding=\"async\" src=\"https:\/\/somanimaanimal.org\/cat\/wp-content\/uploads\/sites\/4\/2020\/04\/Lista-bocadillos-dulces-salados-727x1024.jpg\" alt=\"\" class=\"wp-image-592\"\/><\/figure><\/div>\n\n\n\n<h2 class=\"wp-block-heading\">P\u00e1gines de recetas veganas<\/h2>\n\n\n\n<p>Adem\u00e1s, hay un mont\u00f3n de p\u00e1ginas web donde encontrareis infinidad de recetas para que nunca te falten ideas para elaborar comidas veganas equilibradas, variadas y buen\u00edsimas:<\/p>\n\n\n\n<ul class=\"wp-block-list\"><li><a href=\"https:\/\/danzadefogones.com\/\">Danza de fogones<\/a><\/li><li><a href=\"https:\/\/beginveganbegun.es\/\">Begin vegan begun<\/a><\/li><li><a href=\"https:\/\/delantaldealces.com\/\">Delantal de alces<\/a><\/li><li><a href=\"https:\/\/recetasveganas.net\/\">Mis recetas veganas<\/a><\/li><li><a href=\"https:\/\/cuinarxcuidar.com\/\">Cuinar x cuidar<\/a><\/li><\/ul>\n","protected":false},"excerpt":{"rendered":"<p>Productos veganos cerca de casa En este documento&nbsp; encontrareis una gu\u00eda para localizar productos veganos en la comarca del Maresme: Bocadillos veganos Y aqu\u00ed encontrareis todo de ideas para hacer deliciosos bocadillos veganos: P\u00e1gines de recetas veganas Adem\u00e1s, hay un mont\u00f3n de p\u00e1ginas web donde encontrareis infinidad de recetas para que nunca te falten ideas &hellip; <a href=\"https:\/\/somanimaanimal.org\/es\/recetas-de-cocina-vegana\/\" class=\"more-link\">Seguir leyendo <span class=\"screen-reader-text\">Recetas de cocina vegana<\/span> <span class=\"meta-nav\">&rarr;<\/span><\/a><\/p>\n","protected":false},"author":1,"featured_media":0,"parent":0,"menu_order":0,"comment_status":"closed","ping_status":"closed","template":"","meta":{"footnotes":""},"class_list":["post-681","page","type-page","status-publish","hentry"],"_links":{"self":[{"href":"https:\/\/somanimaanimal.org\/es\/wp-json\/wp\/v2\/pages\/681","targetHints":{"allow":["GET"]}}],"collection":[{"href":"https:\/\/somanimaanimal.org\/es\/wp-json\/wp\/v2\/pages"}],"about":[{"href":"https:\/\/somanimaanimal.org\/es\/wp-json\/wp\/v2\/types\/page"}],"author":[{"embeddable":true,"href":"https:\/\/somanimaanimal.org\/es\/wp-json\/wp\/v2\/users\/1"}],"replies":[{"embeddable":true,"href":"https:\/\/somanimaanimal.org\/es\/wp-json\/wp\/v2\/comments?post=681"}],"version-history":[{"count":3,"href":"https:\/\/somanimaanimal.org\/es\/wp-json\/wp\/v2\/pages\/681\/revisions"}],"predecessor-version":[{"id":829,"href":"https:\/\/somanimaanimal.org\/es\/wp-json\/wp\/v2\/pages\/681\/revisions\/829"}],"wp:attachment":[{"href":"https:\/\/somanimaanimal.org\/es\/wp-json\/wp\/v2\/media?parent=681"}],"curies":[{"name":"wp","href":"https:\/\/api.w.org\/{rel}","templated":true}]}}