{"id":403,"date":"2020-01-19T17:04:54","date_gmt":"2020-01-19T16:04:54","guid":{"rendered":"http:\/\/somanimaanimal.org\/es\/?page_id=403"},"modified":"2021-09-07T20:01:40","modified_gmt":"2021-09-07T18:01:40","slug":"politica-de-privacidad","status":"publish","type":"page","link":"https:\/\/somanimaanimal.org\/es\/politica-de-privacidad\/","title":{"rendered":"Pol\u00edtica de privacidad"},"content":{"rendered":"\n<h2 class=\"wp-block-heading\">Titularidad<\/h2>\n\n\n\n<p>El responsable de la recogida y tratamiento de los datos es <strong>Associaci\u00f3 \u00e0nimaL: som \u00e0nima animal<\/strong>, con NIF <strong>G67538744<\/strong> y direcci\u00f3n en el pasaje Comtes Mir i Borrell 22, 7\u00ba A de Matar\u00f3 (08302). Se trata de una asociaci\u00f3n sin \u00e1nimo de lucro con estos <a href=\"https:\/\/somanimaanimal.org\/es\/estatutos\/\">estatutos<\/a> y datos de <a href=\"https:\/\/somanimaanimal.org\/es\/contacta\/\">contacto<\/a>, inscrita en el Registro de asociaciones de la Generalitat de Catalunya con fecha 26 de mayo de 2020 (n\u00fam. de inscripci\u00f3n 67623) y en el Registro municipal de entidades del Ayuntamiento de Matar\u00f3 con fecha 8 de junio de 2020 (n\u00fam. de inscripci\u00f3n 935).<\/p>\n\n\n\n<h2 class=\"wp-block-heading\">Sistemas de recogida de datos y uso de los mismos<\/h2>\n\n\n\n<p>Esta web recopila informaci\u00f3n personal mediante los siguientes sistemas:<\/p>\n\n\n\n<ul class=\"wp-block-list\"><li><strong>Formulario de contacto.<\/strong> Es un formulario que se pone a disposici\u00f3n de cualquier persona que quiera enviar un mensaje a la asociaci\u00f3n por cualquier motivo. Los datos facilitados se utilizar\u00e1n \u00fanicamente para dar respuesta a los mensajes y, salvo obligaci\u00f3n legal, no ser\u00e1n nunca compartidas con nadie.<\/li><li><strong>Formulario de solicitud de alta de socia \/ socio. <\/strong>Este formulario recoge la informaci\u00f3n necesaria que necesita la junta para decidir sobre la aceptaci\u00f3n de una nueva socia o socio, efectuar su alta administrativa y efectuar las comunicaciones que sean estrictamente necesarias para la gesti\u00f3n de la asociaci\u00f3n. Se da la opci\u00f3n, en este mismo formulario, de que el nuevo miembro reciba mensajes sobre noticias y actividades de la asociaci\u00f3n a los que se podr\u00e1 dar de baja en cualquier momento.<\/li><li><strong>Recogida de firmas.<\/strong> En funci\u00f3n de las diferentes campa\u00f1as de la asociaci\u00f3n pueden encontrarse activos formularios de recogida de firmas. Los datos en ellos recogidos podr\u00e1n ser entregados \u00fanicamente a los organismos especificados en cada formulario con el objetivo de dar apoyo a la solicitud que se efect\u00fae y, salvo obligaci\u00f3n legal, no ser\u00e1n compartidos con nadie m\u00e1s. Es posible que necesitemos ponernos en contacto con el firmante para confirmar sus datos.<\/li><li><strong>Utilizaci\u00f3n de cookies.<\/strong> Puedes consultar nuestra pol\u00edtica de<em> cookies<\/em> <a href=\"https:\/\/somanimaanimal.org\/es\/cookies\/\">aqu\u00ed<\/a>.<\/li><\/ul>\n\n\n\n<p>Salvo imperativo legal, los datos no ser\u00e1n compartidos en ning\u00fan caso con terceros.<\/p>\n\n\n\n<h2 class=\"wp-block-heading\">Categor\u00eda de los datos y base legal para el tratamiento<\/h2>\n\n\n\n<p>La base legal para el tratamiento de los datos es el consentimiento, que se puede retirar en cualquier momento.<\/p>\n\n\n\n<p>Dada la naturaleza de nuestra asociaci\u00f3n, los datos que recogemos pueden revelar convicciones filos\u00f3ficas de car\u00e1cter \u00e9tico, as\u00ed que entran dentro de la categor\u00eda de datos especialmente protegidos seg\u00fan el art\u00edculo 9 del <a href=\"https:\/\/www.boe.es\/doue\/2016\/119\/L00001-00088.pdf\">Reglamento (UE) 2016\/679<\/a>. Seg\u00fan el apartado 2 d) de este art\u00edculo el tratamiento de este tipo de datos est\u00e1 permitido si \u00ab<em>el tratamiento es efectuado, en el \u00e1mbito de sus actividades leg\u00edtimas y con las debidas garant\u00edas, por una fundaci\u00f3n, una  asociaci\u00f3n o  cualquier otro  organismo sin  \u00e1nimo de  lucro, cuya  finalidad sea  pol\u00edtica, filos\u00f3fica, religiosa o sindical, siempre que el tratamiento se refiera exclusivamente a los miembros actuales o antiguos de tales organismos o  a  personas que  mantengan  contactos  regulares con  ellos  en  relaci\u00f3n con  sus  fines  y  siempre que  los  datos personales no se comuniquen fuera de ellos sin el consentimiento de los interesados<\/em>\u00ab, que es el caso de nuestra asociaci\u00f3n seg\u00fan se puede consultar en nuestros <a href=\"https:\/\/somanimaanimal.org\/es\/estatutos\/\">estatutos<\/a>.<\/p>\n\n\n\n<h2 class=\"wp-block-heading\"> Sistemas de seguridad implementados<\/h2>\n\n\n\n<p>Las medidas de seguridad utilizadas son las siguientes:<\/p>\n\n\n\n<ul class=\"wp-block-list\"><li>Utilizaci\u00f3n en nuestra web del certificado SSL que cifra el env\u00edo de los datos al servidor.<\/li><li>Alojamiento de nuestra p\u00e1gina web en un proveedor de hosting de reconocida solvencia (<a href=\"https:\/\/www.ovh.es\/\">OVH HISPANO S.L.<\/a>) que implementa medidas de seguridad adecuadas para la protecci\u00f3n de los datos y da garant\u00eda de que estos datos se encuentran siempre en servidores dentro de la Uni\u00f3n Europea.<\/li><li><a href=\"http:\/\/somanimaanimal.org\/cat\/wp-content\/uploads\/sites\/4\/2020\/02\/Acta-junta-02-_-2_02_2020.pdf\">Protocolo interno<\/a> de nuestra asociaci\u00f3n restringiendo el acceso a los datos \u00fanicamente a cuatro personas y estableciendo un sistema de su transmisi\u00f3n interna de forma encriptada.<\/li><\/ul>\n\n\n\n<h2 class=\"wp-block-heading\">Plazos de conservaci\u00f3n de los datos<\/h2>\n\n\n\n<p>Los datos tratados se mantendr\u00e1n hasta que no expiren los plazos legales establecidos para su conservaci\u00f3n (2 a\u00f1os desde la \u00faltima confirmaci\u00f3n de inter\u00e9s en caso de personas no socias), hasta que la persona interesada solicite su supresi\u00f3n o hasta que esta revoque el consentimiento otorgado.<\/p>\n\n\n\n<h2 class=\"wp-block-heading\">Ejercicio de los derechos sobre los datos personales<\/h2>\n\n\n\n<p>En cualquier momento puedes ejercer los derechos de acceso, rectificaci\u00f3n, cancelaci\u00f3n y oposici\u00f3n contact\u00e1ndonos mediante la <a href=\"https:\/\/somanimaanimal.org\/es\/contacta\/\">p\u00e1gina de contacto<\/a> o bien enviando un correo electr\u00f3nico a <a href=\"mailto:somanimaanimal@gmail.com\">somanimaanimal@gmail.com<\/a>. Adem\u00e1s, tienes derecho a presentar una reclamaci\u00f3n en la <a href=\"https:\/\/www.aepd.es\/es\">Agencia Espa\u00f1ola de Protecci\u00f3n de Datos<\/a>.<\/p>\n\n\n\n<h2 class=\"wp-block-heading\"> Normativa de referencia<\/h2>\n\n\n\n<p>  La pol\u00edtica de privacidad la hemos establecido en base a la siguiente normativa:<\/p>\n\n\n\n<ul class=\"wp-block-list\"><li><a href=\"https:\/\/www.boe.es\/buscar\/doc.php?id=BOE-A-2018-16673\">Ley Org\u00e1nica 3\/2018<\/a>, de 5 de diciembre, de Protecci\u00f3n de Datos Personales y garant\u00eda de los derechos digitales.<\/li><li><a href=\"https:\/\/www.boe.es\/doue\/2016\/119\/L00001-00088.pdf\">Reglamento (UE) 2016\/679<\/a> del Parlamento Europeo y del Consejo de 27 de abril de 2016 relativo a la protecci\u00f3n de las personas f\u00edsicas en lo que respecta al tratamiento de datos personales y a la libre circulaci\u00f3n de estos datos (RGPD).<\/li><li><a href=\"https:\/\/www.boe.es\/eli\/es\/l\/2002\/07\/11\/34\/con\">Ley 34\/2002<\/a>, de 11 de julio, de servicios de la Sociedad de la Informaci\u00f3n y Comercio Electr\u00f3nico (LSSICE o LSSI).<\/li><\/ul>\n\n\n\n<p><em>Cuarta versi\u00f3n, 7 de septiembre de 2021. Ediciones anteriores <a href=\"https:\/\/somanimaanimal.org\/es\/wp-content\/uploads\/sites\/2\/2021\/09\/Politicas-de-privacidad-anteriores-ESP-Som-anima-animaL-v3.pdf\">aqu\u00ed<\/a>.<\/em><\/p>\n","protected":false},"excerpt":{"rendered":"<p>Titularidad El responsable de la recogida y tratamiento de los datos es Associaci\u00f3 \u00e0nimaL: som \u00e0nima animal, con NIF G67538744 y direcci\u00f3n en el pasaje Comtes Mir i Borrell 22, 7\u00ba A de Matar\u00f3 (08302). Se trata de una asociaci\u00f3n sin \u00e1nimo de lucro con estos estatutos y datos de contacto, inscrita en el Registro &hellip; <a href=\"https:\/\/somanimaanimal.org\/es\/politica-de-privacidad\/\" class=\"more-link\">Seguir leyendo <span class=\"screen-reader-text\">Pol\u00edtica de privacidad<\/span> <span class=\"meta-nav\">&rarr;<\/span><\/a><\/p>\n","protected":false},"author":1,"featured_media":0,"parent":0,"menu_order":0,"comment_status":"closed","ping_status":"closed","template":"","meta":{"footnotes":""},"class_list":["post-403","page","type-page","status-publish","hentry"],"_links":{"self":[{"href":"https:\/\/somanimaanimal.org\/es\/wp-json\/wp\/v2\/pages\/403","targetHints":{"allow":["GET"]}}],"collection":[{"href":"https:\/\/somanimaanimal.org\/es\/wp-json\/wp\/v2\/pages"}],"about":[{"href":"https:\/\/somanimaanimal.org\/es\/wp-json\/wp\/v2\/types\/page"}],"author":[{"embeddable":true,"href":"https:\/\/somanimaanimal.org\/es\/wp-json\/wp\/v2\/users\/1"}],"replies":[{"embeddable":true,"href":"https:\/\/somanimaanimal.org\/es\/wp-json\/wp\/v2\/comments?post=403"}],"version-history":[{"count":10,"href":"https:\/\/somanimaanimal.org\/es\/wp-json\/wp\/v2\/pages\/403\/revisions"}],"predecessor-version":[{"id":851,"href":"https:\/\/somanimaanimal.org\/es\/wp-json\/wp\/v2\/pages\/403\/revisions\/851"}],"wp:attachment":[{"href":"https:\/\/somanimaanimal.org\/es\/wp-json\/wp\/v2\/media?parent=403"}],"curies":[{"name":"wp","href":"https:\/\/api.w.org\/{rel}","templated":true}]}}