{"id":398,"date":"2020-01-19T16:29:36","date_gmt":"2020-01-19T15:29:36","guid":{"rendered":"http:\/\/somanimaanimal.org\/es\/?page_id=398"},"modified":"2020-06-27T19:09:11","modified_gmt":"2020-06-27T17:09:11","slug":"aviso-legal","status":"publish","type":"page","link":"https:\/\/somanimaanimal.org\/es\/aviso-legal\/","title":{"rendered":"Aviso legal"},"content":{"rendered":"\n<p>El propietario de esta web es <strong>Associaci\u00f3 \u00e0nimaL: som \u00e0nima animal<\/strong>, con NIF <strong>G67538744<\/strong> y direcci\u00f3n en el pasaje Comtes Mir i Borrell 22, 7\u00ba A de Matar\u00f3 (08302). Se trata de una asociaci\u00f3n sin \u00e1nimo de lucro con estos <a href=\"https:\/\/somanimaanimal.org\/es\/estatutos\/\">estatutos<\/a> y datos de <a href=\"https:\/\/somanimaanimal.org\/es\/contacta\/\">contacto<\/a>, inscrita en el Registro de asociaciones de la Generalitat de Catalunya con fecha 26 de mayo de 2020 (n\u00fam. de inscripci\u00f3n 67623) y en el Registro municipal de entidades del Ayuntamiento de Matar\u00f3 con fecha 8 de junio de 2020 (n\u00fam. de inscripci\u00f3n 935).<\/p>\n\n\n\n<p>Nuestras pol\u00edticas de privacidad y cookies se pueden consultar en los siguientes enlaces:<\/p>\n\n\n\n<ul class=\"wp-block-list\"><li><a href=\"https:\/\/somanimaanimal.org\/es\/politica-de-privacidad\/\">Pol\u00edtica de privacidad<\/a>.<\/li><li><a href=\"https:\/\/somanimaanimal.org\/es\/cookies\/\">Informaci\u00f3n de cookies<\/a>.<\/li><\/ul>\n\n\n\n<p><em>Segunda versi\u00f3n, 27 de junio de 2020. Versiones anteriores <a href=\"https:\/\/somanimaanimal.org\/es\/wp-content\/uploads\/sites\/2\/2020\/06\/Aviso-legal-anteriores-ESP.pdf\">aqu\u00ed<\/a>.<\/em><\/p>\n","protected":false},"excerpt":{"rendered":"<p>El propietario de esta web es Associaci\u00f3 \u00e0nimaL: som \u00e0nima animal, con NIF G67538744 y direcci\u00f3n en el pasaje Comtes Mir i Borrell 22, 7\u00ba A de Matar\u00f3 (08302). Se trata de una asociaci\u00f3n sin \u00e1nimo de lucro con estos estatutos y datos de contacto, inscrita en el Registro de asociaciones de la Generalitat de &hellip; <a href=\"https:\/\/somanimaanimal.org\/es\/aviso-legal\/\" class=\"more-link\">Seguir leyendo <span class=\"screen-reader-text\">Aviso legal<\/span> <span class=\"meta-nav\">&rarr;<\/span><\/a><\/p>\n","protected":false},"author":1,"featured_media":0,"parent":0,"menu_order":0,"comment_status":"closed","ping_status":"closed","template":"","meta":{"footnotes":""},"class_list":["post-398","page","type-page","status-publish","hentry"],"_links":{"self":[{"href":"https:\/\/somanimaanimal.org\/es\/wp-json\/wp\/v2\/pages\/398","targetHints":{"allow":["GET"]}}],"collection":[{"href":"https:\/\/somanimaanimal.org\/es\/wp-json\/wp\/v2\/pages"}],"about":[{"href":"https:\/\/somanimaanimal.org\/es\/wp-json\/wp\/v2\/types\/page"}],"author":[{"embeddable":true,"href":"https:\/\/somanimaanimal.org\/es\/wp-json\/wp\/v2\/users\/1"}],"replies":[{"embeddable":true,"href":"https:\/\/somanimaanimal.org\/es\/wp-json\/wp\/v2\/comments?post=398"}],"version-history":[{"count":4,"href":"https:\/\/somanimaanimal.org\/es\/wp-json\/wp\/v2\/pages\/398\/revisions"}],"predecessor-version":[{"id":583,"href":"https:\/\/somanimaanimal.org\/es\/wp-json\/wp\/v2\/pages\/398\/revisions\/583"}],"wp:attachment":[{"href":"https:\/\/somanimaanimal.org\/es\/wp-json\/wp\/v2\/media?parent=398"}],"curies":[{"name":"wp","href":"https:\/\/api.w.org\/{rel}","templated":true}]}}