{"id":376,"date":"2019-11-22T20:06:23","date_gmt":"2019-11-22T19:06:23","guid":{"rendered":"http:\/\/somanimaanimal.org\/es\/?page_id=376"},"modified":"2020-06-07T17:15:42","modified_gmt":"2020-06-07T15:15:42","slug":"estatutos","status":"publish","type":"page","link":"https:\/\/somanimaanimal.org\/es\/estatutos\/","title":{"rendered":"Estatutos"},"content":{"rendered":"\n<p>Somos una asociaci\u00f3n sin \u00e1nimo de lucro donde cualquiera que comparta nuestros valores y finalidades es muy bienvenida. Puedes descargar los estatutos de la asociaci\u00f3n en el siguiente enlace:<\/p>\n\n\n\n<ul class=\"wp-block-list\"><li><a href=\"http:\/\/somanimaanimal.org\/cat\/wp-content\/uploads\/sites\/4\/2020\/06\/Estatuts-\u00e0nimaL.pdf\">Estatutos \u00e0nimaL<\/a><\/li><\/ul>\n\n\n\n<p>Los estatutos definen el funcionamiento de la asociaci\u00f3n dentro del marco legal vigente y en ellos se reflejan nuestros valores y finalidades:<\/p>\n\n\n\n<h2 class=\"wp-block-heading\">Nuestros valores<\/h2>\n\n\n\n<p>Los valores que inspiran los fines de la asociaci\u00f3n son los siguientes:<\/p>\n\n\n\n<ol class=\"wp-block-list\"><li><strong>Veganismo.<\/strong> Definimos \u00abveganismo\u00bb como la posici\u00f3n \u00e9tica seg\u00fan la cual hay que rechazar la conceptualizaci\u00f3n y utilizaci\u00f3n de los animales como recurso de cualquier tipo. De este modo, las personas que adoptamos una \u00e9tica vegana somos estrictamente vegetarianas (nos abstenemos de consumir carne, pescado, mariscos, productos l\u00e1cteos, huevos y miel), no adquirimos prendas de vestir de piel aut\u00e9ntica, lana o seda, rechazamos la experimentaci\u00f3n en animales, no cazamos ni pescamos, no asistimos a espect\u00e1culos con animales ni los utilizamos para transporte o divertimento y evitamos en la medida de lo posible causar cualquier da\u00f1o f\u00edsico, psicol\u00f3gico o emocional a seres sensibles.<\/li><li><strong>Antiespecismo.<\/strong> Admitimos que no hay ninguna diferencia sustancial entre el ser humano y el resto de animales: las diferencias existentes son \u00fanicamente de grado (los animales tenemos unas caracter\u00edsticas comunes que est\u00e1n desarrolladas de forma diferente en cada especie, de entre las cuales la inteligencia no es necesariamente la m\u00e1s importante). As\u00ed, entendemos que no es \u00e9tico establecer diferencias en la consideraci\u00f3n hacia los seres vivos basadas \u00fanicamente en la pertenencia a una determinada especie.<\/li><li><strong>Derechos humanos.<\/strong> Consideramos que el respeto a la Declaraci\u00f3n Universal de los Derechos Humanos y lo que implica es un valor fundamental. En particular, reconocemos la necesidad de no discriminar a nadie en base a su g\u00e9nero, orientaci\u00f3n sexual, religi\u00f3n, creencias u origen \u00e9tnico, geogr\u00e1fico o social.<\/li><li><strong>Conservaci\u00f3n de la naturaleza y el medio ambiente.<\/strong> Consideramos que la conservaci\u00f3n de la naturaleza y el medio ambiente es un valor esencial que hay que preservar en atenci\u00f3n a las generaciones futuras y a todos los seres vivos que dependen de su entorno.<\/li><\/ol>\n\n\n\n<h2 class=\"wp-block-heading\">Nuestras finalidades<\/h2>\n\n\n\n<p>Los fines de la asociaci\u00f3n son:<\/p>\n\n\n\n<ul class=\"wp-block-list\"><li>Dar a conocer y promover la \u00e9tica vegana, as\u00ed como los beneficios que tiene para los animales, la sociedad, el planeta y la salud.<\/li><li>Promover la empat\u00eda hacia el resto de animales, exponiendo sus caracter\u00edsicas y sus necesidades naturales.<\/li><li>Sensibilizar, concienciar e informar a la poblaci\u00f3n sobre los siguientes aspectos, aportando sencillas pautas de car\u00e1cter cotidiano que permitan contrarrestar sus efectos perniciosos:<ul><li>El sufrimiento extremo de los animales de granja.<\/li><li>Las condiciones de explotaci\u00f3n de los animales en la industria ganadera.<\/li><li>Las consecuencias que la pesca y la piscicultura tiene sobre los animales marinos.<\/li><li>Las consecuencias que la caza y la explotaci\u00f3n del medio natural tiene sobre los animales silvestres.<\/li><li>Las situaciones de abuso de los animales dom\u00e9sticos.<\/li><li>El desamparo y situaci\u00f3n de los animales salvajes urbanos.<\/li><li>Las consecuencias sobre la ecolog\u00eda y el cambio clim\u00e1tico que tiene la explotaci\u00f3n de los animales.<\/li><\/ul><\/li><li>Dar apoyo a personas y familias en su tr\u00e1nsito hacia la adopci\u00f3n de una \u00e9tica vegana.<\/li><li>Defender los derechos e intereses de las personas y familias veganas.<\/li><\/ul>\n\n\n\n<p><\/p>\n","protected":false},"excerpt":{"rendered":"<p>Somos una asociaci\u00f3n sin \u00e1nimo de lucro donde cualquiera que comparta nuestros valores y finalidades es muy bienvenida. Puedes descargar los estatutos de la asociaci\u00f3n en el siguiente enlace: Estatutos \u00e0nimaL Los estatutos definen el funcionamiento de la asociaci\u00f3n dentro del marco legal vigente y en ellos se reflejan nuestros valores y finalidades: Nuestros valores &hellip; <a href=\"https:\/\/somanimaanimal.org\/es\/estatutos\/\" class=\"more-link\">Seguir leyendo <span class=\"screen-reader-text\">Estatutos<\/span> <span class=\"meta-nav\">&rarr;<\/span><\/a><\/p>\n","protected":false},"author":1,"featured_media":0,"parent":0,"menu_order":0,"comment_status":"closed","ping_status":"closed","template":"","meta":{"footnotes":""},"class_list":["post-376","page","type-page","status-publish","hentry"],"_links":{"self":[{"href":"https:\/\/somanimaanimal.org\/es\/wp-json\/wp\/v2\/pages\/376","targetHints":{"allow":["GET"]}}],"collection":[{"href":"https:\/\/somanimaanimal.org\/es\/wp-json\/wp\/v2\/pages"}],"about":[{"href":"https:\/\/somanimaanimal.org\/es\/wp-json\/wp\/v2\/types\/page"}],"author":[{"embeddable":true,"href":"https:\/\/somanimaanimal.org\/es\/wp-json\/wp\/v2\/users\/1"}],"replies":[{"embeddable":true,"href":"https:\/\/somanimaanimal.org\/es\/wp-json\/wp\/v2\/comments?post=376"}],"version-history":[{"count":2,"href":"https:\/\/somanimaanimal.org\/es\/wp-json\/wp\/v2\/pages\/376\/revisions"}],"predecessor-version":[{"id":572,"href":"https:\/\/somanimaanimal.org\/es\/wp-json\/wp\/v2\/pages\/376\/revisions\/572"}],"wp:attachment":[{"href":"https:\/\/somanimaanimal.org\/es\/wp-json\/wp\/v2\/media?parent=376"}],"curies":[{"name":"wp","href":"https:\/\/api.w.org\/{rel}","templated":true}]}}