{"id":23,"date":"2018-07-26T11:06:36","date_gmt":"2018-07-26T09:06:36","guid":{"rendered":"https:\/\/somanimaanimal.wordpress.com\/?page_id=19"},"modified":"2020-11-14T17:40:07","modified_gmt":"2020-11-14T16:40:07","slug":"benvingudes","status":"publish","type":"page","link":"https:\/\/somanimaanimal.org\/es\/","title":{"rendered":"\u00a1Bienvenidas!"},"content":{"rendered":"<p><a href=\"https:\/\/somanimaanimal.org\/cat\/\">Catal\u00e0<\/a> \/ <strong>Castellano<\/strong><\/p>\n<p><strong>Bienvenidas almas<\/strong> animales (humanas y no humanas) a <a href=\"https:\/\/somanimaanimal.org\/es\/que-es-animal\/\">este espacio compartido<\/a> de empat\u00eda, compasi\u00f3n y ganas de contribuir a que este mundo sea cada d\u00eda un poquito mejor.<\/p>\n<p>En esta web puedes descubrir un poco acerca de nuestra historia y proyectos; puedes <a href=\"https:\/\/somanimaanimal.org\/es\/contacta\/\">contactar con nosotras<\/a> y echar una ojeada a nuestros perfiles de <a href=\"https:\/\/www.facebook.com\/somanimaanimaL\">redes sociales<\/a> as\u00ed como visualizar <a href=\"https:\/\/somanimaanimal.org\/es\/recursos\/\">materiales que compartimos<\/a> y que nos gustar\u00eda co-crear contigo.<\/p>\n<p>Estamos abiertas a sugerencias, colaboraciones, <a href=\"https:\/\/somanimaanimal.org\/es\/solicitud-de-alta-de-socia-socio\/\">voluntariados<\/a> y a compartir materiales que tengan objetivos comunes. <em>Coopera y vencer\u00e1s<\/em>, que dijo un d\u00eda una compa\u00f1era. Hag\u00e1moslo juntas.<\/p>\n<p>Un fuerte abrazo,<\/p>\n<p><img loading=\"lazy\" decoding=\"async\" class=\"alignnone  wp-image-25\" src=\"https:\/\/somanimaanimal.org\/es\/wp-content\/uploads\/sites\/2\/2018\/07\/cropped-c3a0nimal-white1-e1532607631839.jpg\" alt=\"cropped-c3a0nimal-white1.jpg\" width=\"156\" height=\"77\" srcset=\"https:\/\/somanimaanimal.org\/es\/wp-content\/uploads\/sites\/2\/2018\/07\/cropped-c3a0nimal-white1-e1532607631839.jpg 512w, https:\/\/somanimaanimal.org\/es\/wp-content\/uploads\/sites\/2\/2018\/07\/cropped-c3a0nimal-white1-e1532607631839-300x148.jpg 300w\" sizes=\"auto, (max-width: 156px) 100vw, 156px\" \/><\/p>\n<p>*Puedes seguirnos y contactarnos a trav\u00e9s del correo\u00a0<a href=\"mailto:somanimaanimal@gmail.com\">somanimaanimal@gmail.com<\/a> o en nuestras p\u00e1ginas de <a href=\"https:\/\/www.facebook.com\/somanimaanimaL\/\">Facebook<\/a> o <a href=\"https:\/\/www.instagram.com\/somanimaanimal\/\">Instagram<\/a>.<\/p>\n","protected":false},"excerpt":{"rendered":"<p>Catal\u00e0 \/ Castellano Bienvenidas almas animales (humanas y no humanas) a este espacio compartido de empat\u00eda, compasi\u00f3n y ganas de contribuir a que este mundo sea cada d\u00eda un poquito mejor. En esta web puedes descubrir un poco acerca de nuestra historia y proyectos; puedes contactar con nosotras y echar una ojeada a nuestros perfiles &hellip; <a href=\"https:\/\/somanimaanimal.org\/es\/\" class=\"more-link\">Seguir leyendo <span class=\"screen-reader-text\">\u00a1Bienvenidas!<\/span> <span class=\"meta-nav\">&rarr;<\/span><\/a><\/p>\n","protected":false},"author":4,"featured_media":0,"parent":0,"menu_order":0,"comment_status":"closed","ping_status":"closed","template":"","meta":{"footnotes":""},"class_list":["post-23","page","type-page","status-publish","hentry"],"_links":{"self":[{"href":"https:\/\/somanimaanimal.org\/es\/wp-json\/wp\/v2\/pages\/23","targetHints":{"allow":["GET"]}}],"collection":[{"href":"https:\/\/somanimaanimal.org\/es\/wp-json\/wp\/v2\/pages"}],"about":[{"href":"https:\/\/somanimaanimal.org\/es\/wp-json\/wp\/v2\/types\/page"}],"author":[{"embeddable":true,"href":"https:\/\/somanimaanimal.org\/es\/wp-json\/wp\/v2\/users\/4"}],"replies":[{"embeddable":true,"href":"https:\/\/somanimaanimal.org\/es\/wp-json\/wp\/v2\/comments?post=23"}],"version-history":[{"count":9,"href":"https:\/\/somanimaanimal.org\/es\/wp-json\/wp\/v2\/pages\/23\/revisions"}],"predecessor-version":[{"id":718,"href":"https:\/\/somanimaanimal.org\/es\/wp-json\/wp\/v2\/pages\/23\/revisions\/718"}],"wp:attachment":[{"href":"https:\/\/somanimaanimal.org\/es\/wp-json\/wp\/v2\/media?parent=23"}],"curies":[{"name":"wp","href":"https:\/\/api.w.org\/{rel}","templated":true}]}}