{"id":166,"date":"2019-05-11T11:26:12","date_gmt":"2019-05-11T11:26:12","guid":{"rendered":"https:\/\/somanimaanimal.wordpress.com\/?page_id=166"},"modified":"2022-03-05T17:56:36","modified_gmt":"2022-03-05T16:56:36","slug":"articulos","status":"publish","type":"page","link":"https:\/\/somanimaanimal.org\/es\/articulos\/","title":{"rendered":"Art\u00edculos prensa"},"content":{"rendered":"<p><a href=\"https:\/\/somanimaanimal.org\/cat\/articles\/\">Catal\u00e0<\/a> \/ <strong>Castellano<\/strong><\/p>\n<p>Aqu\u00ed puedes consultar los art\u00edculos que vamos publicando en prensa.<\/p>\n<ul>\n<li>\u00ab<a href=\"https:\/\/www.tribunamaresme.com\/especisme-la-discriminacio-oculta\/\"><strong>Especisme, la discriminaci\u00f3 oculta<\/strong><\/a>\u00ab, Tribuna Maresme, febrero de 2022<\/li>\n<li>\u00ab<a href=\"https:\/\/www.tribunamaresme.com\/reencarnacio\/\"><strong>Reencarnaci\u00f3<\/strong><\/a>\u00ab, Tribuna Maresme, enero de 2022<\/li>\n<li>\u00ab<a href=\"https:\/\/www.tribunamaresme.com\/senten-dolor-els-peixos\/\"><strong>Senten dolor els peixos?<\/strong><\/a>\u00ab, Tribuna Maresme, diciembre de 2021<\/li>\n<li>\u00ab<a href=\"https:\/\/www.tribunamaresme.com\/compravenda-de-vides\/\"><strong>Compravenda de vides<\/strong><\/a>\u00ab, Tribuna Maresme, noviembre de 2021<\/li>\n<li>\u00ab<a href=\"https:\/\/www.tribunamaresme.com\/senglars-qui-molesta-a-qui\/\"><strong>Senglars, qui molesta a qui?<\/strong><\/a>\u00ab, Tribuna Maresme, mayo de 2021<\/li>\n<li>\u00ab<a href=\"https:\/\/www.tribunamaresme.com\/carn-laboratori-solucio-real\/\"><strong>La carn de laboratori \u00e9s una soluci\u00f3 real?<\/strong><\/a>\u00ab, Tribuna Maresme, abril 2021<\/li>\n<li>\u00ab<a href=\"https:\/\/www.tribunamaresme.com\/de-labric-a-la-grip\/\"><strong>De l&#8217;abric a la grip<\/strong><\/a>\u00ab, Tribuna Maresme, diciembre 2020<\/li>\n<li>\u00ab<strong><a href=\"https:\/\/www.tribunamaresme.com\/sense-perdo\/\">Sense perd\u00f3<\/a><\/strong>\u00ab, Tribuna Maresme, octubre 2020<\/li>\n<li>\u00ab<a href=\"https:\/\/www.tribunamaresme.com\/temps-obscurs\/\"><strong>Temps obscurs<\/strong><\/a>\u00ab, Tribuna Maresme, septiembre 2020<\/li>\n<li>\u00ab<a href=\"http:\/\/www.tribunamaresme.com\/pot-veganisme-frenar-pandemia\/\"><strong>\u00bfC\u00f3mo puede el veganismo frenar una pandemia<\/strong><strong>?<\/strong><\/a>\u00ab, Tribuna Maresme, abril 2020 (versi\u00f3n en castellano <a href=\"https:\/\/somanimaanimal.org\/es\/2020\/03\/26\/como-puede-el-veganismo-frenar-una-pandemia\/\">aqu\u00ed<\/a>)<\/li>\n<li>\u00ab<a href=\"http:\/\/www.tribunamaresme.com\/16584-2\/\"><strong>L&#8217;esclavista sensat<\/strong><\/a>\u00ab, Tribuna Maresme, marzo 2020<\/li>\n<li>\u00ab<a href=\"http:\/\/www.tribunamaresme.com\/feminisme-i-veganisme\/\"><strong>Feminisme i veganisme<\/strong><\/a>\u00ab, Tribuna Maresme, febrero 2020<\/li>\n<li><a href=\"http:\/\/www.tribunamaresme.com\/altres-animals-domestics\/\"><strong>\u00abEls altres animals dom\u00e8stics\u00bb<\/strong><\/a>, Tribuna Maresme, noviembre 2019<\/li>\n<li><strong><a href=\"http:\/\/www.tribunamaresme.com\/correbous-labolicio-pendent\/\">\u00abCorrebous, l&#8217;abolici\u00f3 pendent\u00bb<\/a><\/strong>, Tribuna Maresme, septiembre 2019<\/li>\n<li><strong><a href=\"http:\/\/www.tribunamaresme.com\/demanar-perdo-pollastre\/\">\u00abDemanar perd\u00f3 al pollastre\u00bb<\/a><\/strong>, Tribuna Maresme, agosto 2019<\/li>\n<li>\u00ab<strong><a href=\"http:\/\/www.tribunamaresme.com\/que-aixo-veganisme\/\">Qu\u00e8 \u00e9s aix\u00f2 del veganisme?<\/a><\/strong>\u00ab, Tribuna Maresme, julio 2019<\/li>\n<li>\u00ab<strong><a href=\"https:\/\/somanimaanimal.wordpress.com\/2019\/05\/16\/auxili-la-meva-filla-vol-ser-vegana\/\">Auxili! La meva filla vol ser vegana!<\/a><\/strong>\u00ab, Tribuna Maresme, mayo 2019<\/li>\n<\/ul>\n","protected":false},"excerpt":{"rendered":"<p>Catal\u00e0 \/ Castellano Aqu\u00ed puedes consultar los art\u00edculos que vamos publicando en prensa. \u00abEspecisme, la discriminaci\u00f3 oculta\u00ab, Tribuna Maresme, febrero de 2022 \u00abReencarnaci\u00f3\u00ab, Tribuna Maresme, enero de 2022 \u00abSenten dolor els peixos?\u00ab, Tribuna Maresme, diciembre de 2021 \u00abCompravenda de vides\u00ab, Tribuna Maresme, noviembre de 2021 \u00abSenglars, qui molesta a qui?\u00ab, Tribuna Maresme, mayo de 2021 &hellip; <a href=\"https:\/\/somanimaanimal.org\/es\/articulos\/\" class=\"more-link\">Seguir leyendo <span class=\"screen-reader-text\">Art\u00edculos prensa<\/span> <span class=\"meta-nav\">&rarr;<\/span><\/a><\/p>\n","protected":false},"author":4,"featured_media":0,"parent":0,"menu_order":0,"comment_status":"closed","ping_status":"closed","template":"","meta":{"footnotes":""},"class_list":["post-166","page","type-page","status-publish","hentry"],"_links":{"self":[{"href":"https:\/\/somanimaanimal.org\/es\/wp-json\/wp\/v2\/pages\/166","targetHints":{"allow":["GET"]}}],"collection":[{"href":"https:\/\/somanimaanimal.org\/es\/wp-json\/wp\/v2\/pages"}],"about":[{"href":"https:\/\/somanimaanimal.org\/es\/wp-json\/wp\/v2\/types\/page"}],"author":[{"embeddable":true,"href":"https:\/\/somanimaanimal.org\/es\/wp-json\/wp\/v2\/users\/4"}],"replies":[{"embeddable":true,"href":"https:\/\/somanimaanimal.org\/es\/wp-json\/wp\/v2\/comments?post=166"}],"version-history":[{"count":16,"href":"https:\/\/somanimaanimal.org\/es\/wp-json\/wp\/v2\/pages\/166\/revisions"}],"predecessor-version":[{"id":880,"href":"https:\/\/somanimaanimal.org\/es\/wp-json\/wp\/v2\/pages\/166\/revisions\/880"}],"wp:attachment":[{"href":"https:\/\/somanimaanimal.org\/es\/wp-json\/wp\/v2\/media?parent=166"}],"curies":[{"name":"wp","href":"https:\/\/api.w.org\/{rel}","templated":true}]}}