{"id":13,"date":"2018-07-26T10:51:02","date_gmt":"2018-07-26T10:51:02","guid":{"rendered":"https:\/\/somanimaanimal.wordpress.com\/?page_id=2"},"modified":"2020-11-14T18:45:53","modified_gmt":"2020-11-14T17:45:53","slug":"que-es-animal","status":"publish","type":"page","link":"https:\/\/somanimaanimal.org\/es\/que-es-animal\/","title":{"rendered":"\u00bfQu\u00e9 es \u00e0nimaL?"},"content":{"rendered":"<p><a href=\"https:\/\/somanimaanimal.org\/cat\/que-es-animal\/\">Catal\u00e0<\/a> \/ <strong>Castellano<\/strong><\/p>\n<p style=\"text-align: justify;\">Nacida en la ciudad de Matar\u00f3 (Barcelona) a principios del 2018 y constituida formalmente en noviembre de 2019, <strong><em>\u00e0nimaL<\/em> <\/strong>(\u00e0nima animal) es una organizaci\u00f3n sin \u00e1nimo de lucro de personas conscientes de la necesidad de trabajar por un cambio en la consideraci\u00f3n y el trato que tenemos hacia los dem\u00e1s animales, tanto humanos como no humanos.<\/p>\n<p style=\"text-align: justify;\"><strong>Sabemos que las decisiones que tomamos en el d\u00eda a d\u00eda<\/strong>, ya sean en alimentaci\u00f3n, vestimenta, higiene personal o del hogar, ocio, entre muchas otras, <strong>influyen y repercuten fuertemente en en la salud y las vidas de todos los seres, sociedades, ecosistemas y planeta<\/strong>. Por ello, estamos recopilando y elaborando material (que ir\u00e9is encontrando aqu\u00ed) para informar sobre el impacto que los seres humanos causamos a los animales, a nuestra salud (mental, f\u00edsica, social) y al planeta y sobre c\u00f3mo podemos hacer que, poco a poco ese impacto sea lo menos da\u00f1ino posible e incluso positivo. <strong>Organizamos, colaboramos y participamos en eventos, charlas y conferencias, talleres, acciones reivindicativas pac\u00edficas, jornadas de trabajo voluntario, eventos de apoyo y recaudaci\u00f3n para santuarios y causas afines, etc<\/strong>.<\/p>\n<p style=\"text-align: justify;\">Creemos que una <strong>forma de pensamiento y de sentir<\/strong> en coherencia con ello es el<strong> veganismo<\/strong>. Este t\u00e9rmino fue acu\u00f1ado por Donaldson y Shrigley (1944), y se trata de una <strong>postura \u00e9tica, pol\u00edtica y estilo de vida<\/strong> que <strong>rechaza la consideraci\u00f3n de los animales como meros objetos que pueden ser utilizados como propiedad o recurso<\/strong>, y que conlleva el rechazo de todo tipo de explotaci\u00f3n, por lo que toda acci\u00f3n o <em>modus vivendi<\/em> que conlleve da\u00f1ar a otros seres, ser\u00e1 generalmente rechazado. Por ejemplo: alimentarse con carne de animales, huevos, leche; vestir con pieles o cuero; utilizar burros o caballos como herramientas de carga; utilizar cosm\u00e9tica testada en animales, etc. As\u00ed, la clave de este posicionamiento vital es <strong>evitar causar da\u00f1o y sufrimiento<\/strong> a seres que desean evitarlo.<\/p>\n<p style=\"text-align: justify;\">El veganismo contempla la realidad de la <strong><em>sintiencia<\/em><\/strong> como clave para considerar la necesidad de unos \u201cderechos animales\u201d (en el sentido moral de la palabra), es decir, se tiene en cuenta como base fundamental la <strong>capacidad de los animales de sentir, de tener experiencias subjetivas tales como sensaciones, deseos, emociones, sentimientos, y de tener intereses, como es el fundamental en continuar la propia existencia y evitar el da\u00f1o<\/strong>. Contempla asimismo la <strong><em>agencia<\/em><\/strong>, consistente en la <strong>capacidad de expresar su sintiencia y sus preferencias, tanto positivas como negativas<\/strong>.<\/p>\n<p style=\"text-align: justify;\">Esta postura se aparta del <strong>especismo<\/strong> en tanto que rechaza la participaci\u00f3n o fomento de cualquier tipo de explotaci\u00f3n, partiendo de una visi\u00f3n que no discrimina arbitraria y moralmente a seres por criterios irrelevantes, tales como el sexo, el g\u00e9nero, la etnia, la especie, la inteligencia, etc., aplicando el <strong>principio \u00e9tico de igualdad<\/strong>.<\/p>\n<p style=\"text-align: justify;\">Al contrario que el bienestarismo, que se centra en reducir las condiciones de sufrimiento en el contexto de la explotaci\u00f3n animal, el veganismo busca la erradicaci\u00f3n de la explotaci\u00f3n porque reconoce el <strong>derecho de todo ser a vivir y disfrutar de la vida, a no ser tratado como una mera propiedad de los humanos<\/strong>. <strong>Matar a un animal implica la vulneraci\u00f3n de sus derechos<\/strong>, al margen del tipo de vida que se le permitiera llevar o el m\u00e9todo empleado para terminar con ella. Desde el veganismo (antiespecista) se tienen en cuenta los <strong>intereses de todos los seres<\/strong> y se est\u00e1 en contra del antropocentrismo \u2013la forma m\u00e1s com\u00fan y ra\u00edz del especismo\u2013, de la misantrop\u00eda o cualquier otra forma de especismo.<\/p>\n<p style=\"text-align: left;\">Porque todas las vidas importan, porque un mundo mejor es posible.<br \/>\nEl cambio ya est\u00e1 en marcha y es gracias a todas vosotras.<\/p>\n<p>Que nuestras huellas sean ligeras y verdes,<\/p>\n<p>\u00a1Salud!<\/p>\n<p><img loading=\"lazy\" decoding=\"async\" class=\"aligncenter wp-image-367 size-full\" src=\"http:\/\/somanimaanimal.org\/es\/wp-content\/uploads\/sites\/2\/2019\/11\/WhatsApp-Image-2019-09-15-at-19.32.531.jpeg\" alt=\"\" width=\"1500\" height=\"1500\" srcset=\"https:\/\/somanimaanimal.org\/es\/wp-content\/uploads\/sites\/2\/2019\/11\/WhatsApp-Image-2019-09-15-at-19.32.531.jpeg 1500w, https:\/\/somanimaanimal.org\/es\/wp-content\/uploads\/sites\/2\/2019\/11\/WhatsApp-Image-2019-09-15-at-19.32.531-150x150.jpeg 150w, https:\/\/somanimaanimal.org\/es\/wp-content\/uploads\/sites\/2\/2019\/11\/WhatsApp-Image-2019-09-15-at-19.32.531-300x300.jpeg 300w, https:\/\/somanimaanimal.org\/es\/wp-content\/uploads\/sites\/2\/2019\/11\/WhatsApp-Image-2019-09-15-at-19.32.531-768x768.jpeg 768w, https:\/\/somanimaanimal.org\/es\/wp-content\/uploads\/sites\/2\/2019\/11\/WhatsApp-Image-2019-09-15-at-19.32.531-1024x1024.jpeg 1024w\" sizes=\"auto, (max-width: 1500px) 100vw, 1500px\" \/><img loading=\"lazy\" decoding=\"async\" class=\"alignnone wp-image-372 size-full\" src=\"http:\/\/somanimaanimal.org\/es\/wp-content\/uploads\/sites\/2\/2019\/11\/WhatsApp-Image-2019-09-07-at-14.54.53.jpeg\" alt=\"\" width=\"1600\" height=\"1200\" srcset=\"https:\/\/somanimaanimal.org\/es\/wp-content\/uploads\/sites\/2\/2019\/11\/WhatsApp-Image-2019-09-07-at-14.54.53.jpeg 1600w, https:\/\/somanimaanimal.org\/es\/wp-content\/uploads\/sites\/2\/2019\/11\/WhatsApp-Image-2019-09-07-at-14.54.53-300x225.jpeg 300w, https:\/\/somanimaanimal.org\/es\/wp-content\/uploads\/sites\/2\/2019\/11\/WhatsApp-Image-2019-09-07-at-14.54.53-768x576.jpeg 768w, https:\/\/somanimaanimal.org\/es\/wp-content\/uploads\/sites\/2\/2019\/11\/WhatsApp-Image-2019-09-07-at-14.54.53-1024x768.jpeg 1024w, https:\/\/somanimaanimal.org\/es\/wp-content\/uploads\/sites\/2\/2019\/11\/WhatsApp-Image-2019-09-07-at-14.54.53-400x300.jpeg 400w\" sizes=\"auto, (max-width: 1600px) 100vw, 1600px\" \/><\/p>\n<p><img loading=\"lazy\" decoding=\"async\" class=\"alignnone wp-image-370 size-full\" src=\"http:\/\/somanimaanimal.org\/es\/wp-content\/uploads\/sites\/2\/2019\/11\/WhatsApp-Image-2019-09-07-at-14.54.54.jpeg\" alt=\"\" width=\"1600\" height=\"1200\" srcset=\"https:\/\/somanimaanimal.org\/es\/wp-content\/uploads\/sites\/2\/2019\/11\/WhatsApp-Image-2019-09-07-at-14.54.54.jpeg 1600w, https:\/\/somanimaanimal.org\/es\/wp-content\/uploads\/sites\/2\/2019\/11\/WhatsApp-Image-2019-09-07-at-14.54.54-300x225.jpeg 300w, https:\/\/somanimaanimal.org\/es\/wp-content\/uploads\/sites\/2\/2019\/11\/WhatsApp-Image-2019-09-07-at-14.54.54-768x576.jpeg 768w, https:\/\/somanimaanimal.org\/es\/wp-content\/uploads\/sites\/2\/2019\/11\/WhatsApp-Image-2019-09-07-at-14.54.54-1024x768.jpeg 1024w, https:\/\/somanimaanimal.org\/es\/wp-content\/uploads\/sites\/2\/2019\/11\/WhatsApp-Image-2019-09-07-at-14.54.54-400x300.jpeg 400w\" sizes=\"auto, (max-width: 1600px) 100vw, 1600px\" \/> <img loading=\"lazy\" decoding=\"async\" class=\"alignnone wp-image-364 size-large\" src=\"http:\/\/somanimaanimal.org\/es\/wp-content\/uploads\/sites\/2\/2019\/11\/flyer-cat-2019-v3-p1anvers-724x1024.png\" alt=\"\" width=\"584\" height=\"826\" srcset=\"https:\/\/somanimaanimal.org\/es\/wp-content\/uploads\/sites\/2\/2019\/11\/flyer-cat-2019-v3-p1anvers-724x1024.png 724w, https:\/\/somanimaanimal.org\/es\/wp-content\/uploads\/sites\/2\/2019\/11\/flyer-cat-2019-v3-p1anvers-212x300.png 212w, https:\/\/somanimaanimal.org\/es\/wp-content\/uploads\/sites\/2\/2019\/11\/flyer-cat-2019-v3-p1anvers-768x1086.png 768w, https:\/\/somanimaanimal.org\/es\/wp-content\/uploads\/sites\/2\/2019\/11\/flyer-cat-2019-v3-p1anvers.png 794w\" sizes=\"auto, (max-width: 584px) 100vw, 584px\" \/><img loading=\"lazy\" decoding=\"async\" class=\"alignnone wp-image-365 size-large\" src=\"http:\/\/somanimaanimal.org\/es\/wp-content\/uploads\/sites\/2\/2019\/11\/flyer-cat-2019-v3-p2revers-724x1024.png\" alt=\"\" width=\"584\" height=\"826\" srcset=\"https:\/\/somanimaanimal.org\/es\/wp-content\/uploads\/sites\/2\/2019\/11\/flyer-cat-2019-v3-p2revers-724x1024.png 724w, https:\/\/somanimaanimal.org\/es\/wp-content\/uploads\/sites\/2\/2019\/11\/flyer-cat-2019-v3-p2revers-212x300.png 212w, https:\/\/somanimaanimal.org\/es\/wp-content\/uploads\/sites\/2\/2019\/11\/flyer-cat-2019-v3-p2revers-768x1086.png 768w, https:\/\/somanimaanimal.org\/es\/wp-content\/uploads\/sites\/2\/2019\/11\/flyer-cat-2019-v3-p2revers.png 794w\" sizes=\"auto, (max-width: 584px) 100vw, 584px\" \/><\/p>\n","protected":false},"excerpt":{"rendered":"<p>Catal\u00e0 \/ Castellano Nacida en la ciudad de Matar\u00f3 (Barcelona) a principios del 2018 y constituida formalmente en noviembre de 2019, \u00e0nimaL (\u00e0nima animal) es una organizaci\u00f3n sin \u00e1nimo de lucro de personas conscientes de la necesidad de trabajar por un cambio en la consideraci\u00f3n y el trato que tenemos hacia los dem\u00e1s animales, tanto &hellip; <a href=\"https:\/\/somanimaanimal.org\/es\/que-es-animal\/\" class=\"more-link\">Seguir leyendo <span class=\"screen-reader-text\">\u00bfQu\u00e9 es \u00e0nimaL?<\/span> <span class=\"meta-nav\">&rarr;<\/span><\/a><\/p>\n","protected":false},"author":4,"featured_media":0,"parent":0,"menu_order":1,"comment_status":"closed","ping_status":"closed","template":"","meta":{"footnotes":""},"class_list":["post-13","page","type-page","status-publish","hentry"],"_links":{"self":[{"href":"https:\/\/somanimaanimal.org\/es\/wp-json\/wp\/v2\/pages\/13","targetHints":{"allow":["GET"]}}],"collection":[{"href":"https:\/\/somanimaanimal.org\/es\/wp-json\/wp\/v2\/pages"}],"about":[{"href":"https:\/\/somanimaanimal.org\/es\/wp-json\/wp\/v2\/types\/page"}],"author":[{"embeddable":true,"href":"https:\/\/somanimaanimal.org\/es\/wp-json\/wp\/v2\/users\/4"}],"replies":[{"embeddable":true,"href":"https:\/\/somanimaanimal.org\/es\/wp-json\/wp\/v2\/comments?post=13"}],"version-history":[{"count":8,"href":"https:\/\/somanimaanimal.org\/es\/wp-json\/wp\/v2\/pages\/13\/revisions"}],"predecessor-version":[{"id":722,"href":"https:\/\/somanimaanimal.org\/es\/wp-json\/wp\/v2\/pages\/13\/revisions\/722"}],"wp:attachment":[{"href":"https:\/\/somanimaanimal.org\/es\/wp-json\/wp\/v2\/media?parent=13"}],"curies":[{"name":"wp","href":"https:\/\/api.w.org\/{rel}","templated":true}]}}