{"id":888,"date":"2020-12-08T19:29:55","date_gmt":"2020-12-08T17:29:55","guid":{"rendered":"http:\/\/somanimaanimal.org\/cat\/?page_id=888"},"modified":"2021-01-23T19:10:28","modified_gmt":"2021-01-23T17:10:28","slug":"ajudans-amb-teaming","status":"publish","type":"page","link":"https:\/\/somanimaanimal.org\/cat\/ajudans-amb-teaming\/","title":{"rendered":"Ajuda&#8217;ns amb Teaming"},"content":{"rendered":"\n<p>Vols ajudar-nos econ\u00f2micament? Amb la plataforma <a href=\"https:\/\/www.teaming.net\/animaanimal\">Teaming<\/a> ens pots donar un cop de m\u00e0 amb nom\u00e9s un euro al mes; sembla poc per\u00f2 per a nosaltres significa una gran difer\u00e8ncia! <\/p>\n\n\n\n<p>Gr\u00e0cies al vostre ajut podrem crear material per a la divulgaci\u00f3 del veganisme, organitzar xerrades, tallers pr\u00e0ctics, fires, donar suport a persones i fam\u00edlies en el tr\u00e0nsit cap al veganisme i dur a terme accions d&#8217;activisme pac\u00edfic i educatiu.<\/p>\n\n\n\n<p>A m\u00e9s, les aportacions via Teaming donen dret a <a href=\"https:\/\/faqs.teaming.net\/es\/como-obtener-un-certificado-de-donaciones-teaming-espana\/#\">desgravaci\u00f3 fiscal<\/a> a la declaraci\u00f3 de la renda.<\/p>\n\n\n\n<p><iframe loading=\"lazy\" src=\"https:\/\/www.teaming.net\/group\/spread\/widgets\/N2hnSG2SNV2T9QNT4uhIJvlqrlOuVSojeK91ZjcQPu17e\/6?lang=ca_ES&amp;TM=true\" scrolling=\"no\" style=\"overflow: hidden;\" width=\"696\" height=\"480\" frameborder=\"0\"><\/iframe><\/p>\n\n\n\n<p><em>Si vols, pots considerar tamb\u00e9 <a href=\"https:\/\/somanimaanimal.org\/cat\/sollicitud-dalta-de-socia-soci\/\">fer-te s\u00f2cia \/ soci<\/a> d&#8217;<strong>\u00e0nimaL<\/strong>: actualment la quota de s\u00f2cia \u00e9s d&#8217;un euro mensual que paguem amb aquest mateix grup de Teaming.<\/em><\/p>\n","protected":false},"excerpt":{"rendered":"<p>Vols ajudar-nos econ\u00f2micament? Amb la plataforma Teaming ens pots donar un cop de m\u00e0 amb nom\u00e9s un euro al mes; sembla poc per\u00f2 per a nosaltres significa una gran difer\u00e8ncia! Gr\u00e0cies al vostre ajut podrem crear material per a la divulgaci\u00f3 del veganisme, organitzar xerrades, tallers pr\u00e0ctics, fires, donar suport a persones i fam\u00edlies en &hellip; <a href=\"https:\/\/somanimaanimal.org\/cat\/ajudans-amb-teaming\/\" class=\"more-link\">Continua la lectura de <span class=\"screen-reader-text\">Ajuda&#8217;ns amb Teaming<\/span> <span class=\"meta-nav\">&rarr;<\/span><\/a><\/p>\n","protected":false},"author":1,"featured_media":0,"parent":0,"menu_order":0,"comment_status":"closed","ping_status":"closed","template":"","meta":{"footnotes":""},"class_list":["post-888","page","type-page","status-publish","hentry"],"_links":{"self":[{"href":"https:\/\/somanimaanimal.org\/cat\/wp-json\/wp\/v2\/pages\/888","targetHints":{"allow":["GET"]}}],"collection":[{"href":"https:\/\/somanimaanimal.org\/cat\/wp-json\/wp\/v2\/pages"}],"about":[{"href":"https:\/\/somanimaanimal.org\/cat\/wp-json\/wp\/v2\/types\/page"}],"author":[{"embeddable":true,"href":"https:\/\/somanimaanimal.org\/cat\/wp-json\/wp\/v2\/users\/1"}],"replies":[{"embeddable":true,"href":"https:\/\/somanimaanimal.org\/cat\/wp-json\/wp\/v2\/comments?post=888"}],"version-history":[{"count":7,"href":"https:\/\/somanimaanimal.org\/cat\/wp-json\/wp\/v2\/pages\/888\/revisions"}],"predecessor-version":[{"id":938,"href":"https:\/\/somanimaanimal.org\/cat\/wp-json\/wp\/v2\/pages\/888\/revisions\/938"}],"wp:attachment":[{"href":"https:\/\/somanimaanimal.org\/cat\/wp-json\/wp\/v2\/media?parent=888"}],"curies":[{"name":"wp","href":"https:\/\/api.w.org\/{rel}","templated":true}]}}