{"id":818,"date":"2020-10-24T17:36:23","date_gmt":"2020-10-24T15:36:23","guid":{"rendered":"http:\/\/somanimaanimal.org\/cat\/?page_id=818"},"modified":"2023-08-30T17:56:52","modified_gmt":"2023-08-30T15:56:52","slug":"material-activisme","status":"publish","type":"page","link":"https:\/\/somanimaanimal.org\/cat\/material-activisme\/","title":{"rendered":"Material d&#8217;activisme"},"content":{"rendered":"\n<p>Posem a disposici\u00f3 de totes aquelles persones que desitgin fer activisme els dissenys del nostre material (podeu imprimir-lo lliurement o distribuir-lo per xarxes socials sempre que sigui de forma \u00edntegra, sense afegir o eliminar cap element). <a href=\"https:\/\/drive.google.com\/drive\/folders\/1OOF-4kHm2xFpRjT_t5uznQNzy6q4t7Nc?usp=sharing\">Desc\u00e0rrega via Google Drive aqu\u00ed<\/a>.<\/p>\n\n\n\n<div class=\"wp-block-columns is-layout-flex wp-container-core-columns-is-layout-9d6595d7 wp-block-columns-is-layout-flex\">\n<div class=\"wp-block-column is-layout-flow wp-block-column-is-layout-flow\" style=\"flex-basis:100%\">\n<figure class=\"wp-block-gallery has-nested-images columns-default is-cropped wp-block-gallery-1 is-layout-flex wp-block-gallery-is-layout-flex\">\n<figure class=\"wp-block-image size-large\"><img loading=\"lazy\" decoding=\"async\" width=\"724\" height=\"1024\" data-id=\"825\" src=\"https:\/\/somanimaanimal.org\/cat\/wp-content\/uploads\/sites\/4\/2020\/10\/Flyer-animaL-724x1024.jpg\" alt=\"\" class=\"wp-image-825\" srcset=\"https:\/\/somanimaanimal.org\/cat\/wp-content\/uploads\/sites\/4\/2020\/10\/Flyer-animaL-724x1024.jpg 724w, https:\/\/somanimaanimal.org\/cat\/wp-content\/uploads\/sites\/4\/2020\/10\/Flyer-animaL-212x300.jpg 212w, https:\/\/somanimaanimal.org\/cat\/wp-content\/uploads\/sites\/4\/2020\/10\/Flyer-animaL-768x1086.jpg 768w, https:\/\/somanimaanimal.org\/cat\/wp-content\/uploads\/sites\/4\/2020\/10\/Flyer-animaL-1086x1536.jpg 1086w, https:\/\/somanimaanimal.org\/cat\/wp-content\/uploads\/sites\/4\/2020\/10\/Flyer-animaL-1448x2048.jpg 1448w, https:\/\/somanimaanimal.org\/cat\/wp-content\/uploads\/sites\/4\/2020\/10\/Flyer-animaL.jpg 1539w\" sizes=\"auto, (max-width: 724px) 100vw, 724px\" \/><\/figure>\n\n\n\n<figure class=\"wp-block-image size-large\"><img loading=\"lazy\" decoding=\"async\" width=\"1024\" height=\"789\" data-id=\"823\" src=\"https:\/\/somanimaanimal.org\/cat\/wp-content\/uploads\/sites\/4\/2020\/10\/Triptic-esportistes-1024x789.jpg\" alt=\"\" class=\"wp-image-823\" srcset=\"https:\/\/somanimaanimal.org\/cat\/wp-content\/uploads\/sites\/4\/2020\/10\/Triptic-esportistes-1024x789.jpg 1024w, https:\/\/somanimaanimal.org\/cat\/wp-content\/uploads\/sites\/4\/2020\/10\/Triptic-esportistes-300x231.jpg 300w, https:\/\/somanimaanimal.org\/cat\/wp-content\/uploads\/sites\/4\/2020\/10\/Triptic-esportistes-768x592.jpg 768w, https:\/\/somanimaanimal.org\/cat\/wp-content\/uploads\/sites\/4\/2020\/10\/Triptic-esportistes.jpg 1440w\" sizes=\"auto, (max-width: 1024px) 100vw, 1024px\" \/><\/figure>\n\n\n\n<figure class=\"wp-block-image size-large\"><img loading=\"lazy\" decoding=\"async\" width=\"724\" height=\"1024\" data-id=\"1039\" src=\"https:\/\/somanimaanimal.org\/cat\/wp-content\/uploads\/sites\/4\/2021\/07\/Ous-i-pollastres-724x1024.jpg\" alt=\"\" class=\"wp-image-1039\" srcset=\"https:\/\/somanimaanimal.org\/cat\/wp-content\/uploads\/sites\/4\/2021\/07\/Ous-i-pollastres-724x1024.jpg 724w, https:\/\/somanimaanimal.org\/cat\/wp-content\/uploads\/sites\/4\/2021\/07\/Ous-i-pollastres-212x300.jpg 212w, https:\/\/somanimaanimal.org\/cat\/wp-content\/uploads\/sites\/4\/2021\/07\/Ous-i-pollastres-768x1086.jpg 768w, https:\/\/somanimaanimal.org\/cat\/wp-content\/uploads\/sites\/4\/2021\/07\/Ous-i-pollastres-1086x1536.jpg 1086w, https:\/\/somanimaanimal.org\/cat\/wp-content\/uploads\/sites\/4\/2021\/07\/Ous-i-pollastres-1448x2048.jpg 1448w, https:\/\/somanimaanimal.org\/cat\/wp-content\/uploads\/sites\/4\/2021\/07\/Ous-i-pollastres.jpg 1655w\" sizes=\"auto, (max-width: 724px) 100vw, 724px\" \/><\/figure>\n\n\n\n<figure class=\"wp-block-image size-large\"><img loading=\"lazy\" decoding=\"async\" width=\"730\" height=\"1024\" data-id=\"824\" src=\"https:\/\/somanimaanimal.org\/cat\/wp-content\/uploads\/sites\/4\/2020\/10\/Carn-de-porc-730x1024.jpg\" alt=\"\" class=\"wp-image-824\" srcset=\"https:\/\/somanimaanimal.org\/cat\/wp-content\/uploads\/sites\/4\/2020\/10\/Carn-de-porc-730x1024.jpg 730w, https:\/\/somanimaanimal.org\/cat\/wp-content\/uploads\/sites\/4\/2020\/10\/Carn-de-porc-214x300.jpg 214w, https:\/\/somanimaanimal.org\/cat\/wp-content\/uploads\/sites\/4\/2020\/10\/Carn-de-porc-768x1077.jpg 768w, https:\/\/somanimaanimal.org\/cat\/wp-content\/uploads\/sites\/4\/2020\/10\/Carn-de-porc.jpg 946w\" sizes=\"auto, (max-width: 730px) 100vw, 730px\" \/><\/figure>\n\n\n\n<figure class=\"wp-block-image size-large\"><img loading=\"lazy\" decoding=\"async\" width=\"730\" height=\"1024\" data-id=\"822\" src=\"https:\/\/somanimaanimal.org\/cat\/wp-content\/uploads\/sites\/4\/2020\/10\/Peix-i-marisc-730x1024.jpg\" alt=\"\" class=\"wp-image-822\" srcset=\"https:\/\/somanimaanimal.org\/cat\/wp-content\/uploads\/sites\/4\/2020\/10\/Peix-i-marisc-730x1024.jpg 730w, https:\/\/somanimaanimal.org\/cat\/wp-content\/uploads\/sites\/4\/2020\/10\/Peix-i-marisc-214x300.jpg 214w, https:\/\/somanimaanimal.org\/cat\/wp-content\/uploads\/sites\/4\/2020\/10\/Peix-i-marisc-768x1077.jpg 768w, https:\/\/somanimaanimal.org\/cat\/wp-content\/uploads\/sites\/4\/2020\/10\/Peix-i-marisc-1095x1536.jpg 1095w, https:\/\/somanimaanimal.org\/cat\/wp-content\/uploads\/sites\/4\/2020\/10\/Peix-i-marisc-1460x2048.jpg 1460w, https:\/\/somanimaanimal.org\/cat\/wp-content\/uploads\/sites\/4\/2020\/10\/Peix-i-marisc.jpg 1576w\" sizes=\"auto, (max-width: 730px) 100vw, 730px\" \/><\/figure>\n\n\n\n<figure class=\"wp-block-image size-large\"><img loading=\"lazy\" decoding=\"async\" width=\"724\" height=\"1024\" data-id=\"821\" src=\"https:\/\/somanimaanimal.org\/cat\/wp-content\/uploads\/sites\/4\/2020\/10\/Lactics-i-vedella-724x1024.jpg\" alt=\"\" class=\"wp-image-821\" srcset=\"https:\/\/somanimaanimal.org\/cat\/wp-content\/uploads\/sites\/4\/2020\/10\/Lactics-i-vedella-724x1024.jpg 724w, https:\/\/somanimaanimal.org\/cat\/wp-content\/uploads\/sites\/4\/2020\/10\/Lactics-i-vedella-212x300.jpg 212w, https:\/\/somanimaanimal.org\/cat\/wp-content\/uploads\/sites\/4\/2020\/10\/Lactics-i-vedella-768x1086.jpg 768w, https:\/\/somanimaanimal.org\/cat\/wp-content\/uploads\/sites\/4\/2020\/10\/Lactics-i-vedella.jpg 936w\" sizes=\"auto, (max-width: 724px) 100vw, 724px\" \/><\/figure>\n<\/figure>\n<\/div>\n<\/div>\n","protected":false},"excerpt":{"rendered":"<p>Posem a disposici\u00f3 de totes aquelles persones que desitgin fer activisme els dissenys del nostre material (podeu imprimir-lo lliurement o distribuir-lo per xarxes socials sempre que sigui de forma \u00edntegra, sense afegir o eliminar cap element). Desc\u00e0rrega via Google Drive aqu\u00ed.<\/p>\n","protected":false},"author":1,"featured_media":0,"parent":0,"menu_order":0,"comment_status":"closed","ping_status":"closed","template":"","meta":{"footnotes":""},"class_list":["post-818","page","type-page","status-publish","hentry"],"_links":{"self":[{"href":"https:\/\/somanimaanimal.org\/cat\/wp-json\/wp\/v2\/pages\/818","targetHints":{"allow":["GET"]}}],"collection":[{"href":"https:\/\/somanimaanimal.org\/cat\/wp-json\/wp\/v2\/pages"}],"about":[{"href":"https:\/\/somanimaanimal.org\/cat\/wp-json\/wp\/v2\/types\/page"}],"author":[{"embeddable":true,"href":"https:\/\/somanimaanimal.org\/cat\/wp-json\/wp\/v2\/users\/1"}],"replies":[{"embeddable":true,"href":"https:\/\/somanimaanimal.org\/cat\/wp-json\/wp\/v2\/comments?post=818"}],"version-history":[{"count":6,"href":"https:\/\/somanimaanimal.org\/cat\/wp-json\/wp\/v2\/pages\/818\/revisions"}],"predecessor-version":[{"id":1220,"href":"https:\/\/somanimaanimal.org\/cat\/wp-json\/wp\/v2\/pages\/818\/revisions\/1220"}],"wp:attachment":[{"href":"https:\/\/somanimaanimal.org\/cat\/wp-json\/wp\/v2\/media?parent=818"}],"curies":[{"name":"wp","href":"https:\/\/api.w.org\/{rel}","templated":true}]}}