{"id":586,"date":"2020-04-20T11:15:09","date_gmt":"2020-04-20T09:15:09","guid":{"rendered":"http:\/\/somanimaanimal.org\/cat\/?page_id=586"},"modified":"2020-10-24T18:18:30","modified_gmt":"2020-10-24T16:18:30","slug":"recursos","status":"publish","type":"page","link":"https:\/\/somanimaanimal.org\/cat\/recursos\/","title":{"rendered":"Recursos"},"content":{"rendered":"\n<p>En aquests apartats trobareu diferents recursos per a facilitar el tr\u00e0nsit a una alimentaci\u00f3 i estil de vida respectuosos amb els \u00e9ssers que ens envolten:<\/p>\n\n\n\n<ul class=\"wp-block-list\"><li><a href=\"https:\/\/somanimaanimal.org\/cat\/nutricio-vegana\/\">Nutrici\u00f3 vegana<\/a><\/li><li><a href=\"https:\/\/somanimaanimal.org\/cat\/receptes-de-cuina-vegana\/\">Receptes de cuina vegana<\/a><\/li><li><a href=\"https:\/\/somanimaanimal.org\/cat\/material-activisme\/\">Material d&#8217;activisme<\/a><\/li><\/ul>\n","protected":false},"excerpt":{"rendered":"<p>En aquests apartats trobareu diferents recursos per a facilitar el tr\u00e0nsit a una alimentaci\u00f3 i estil de vida respectuosos amb els \u00e9ssers que ens envolten: Nutrici\u00f3 vegana Receptes de cuina vegana Material d&#8217;activisme<\/p>\n","protected":false},"author":1,"featured_media":0,"parent":0,"menu_order":0,"comment_status":"closed","ping_status":"closed","template":"","meta":{"footnotes":""},"class_list":["post-586","page","type-page","status-publish","hentry"],"_links":{"self":[{"href":"https:\/\/somanimaanimal.org\/cat\/wp-json\/wp\/v2\/pages\/586","targetHints":{"allow":["GET"]}}],"collection":[{"href":"https:\/\/somanimaanimal.org\/cat\/wp-json\/wp\/v2\/pages"}],"about":[{"href":"https:\/\/somanimaanimal.org\/cat\/wp-json\/wp\/v2\/types\/page"}],"author":[{"embeddable":true,"href":"https:\/\/somanimaanimal.org\/cat\/wp-json\/wp\/v2\/users\/1"}],"replies":[{"embeddable":true,"href":"https:\/\/somanimaanimal.org\/cat\/wp-json\/wp\/v2\/comments?post=586"}],"version-history":[{"count":5,"href":"https:\/\/somanimaanimal.org\/cat\/wp-json\/wp\/v2\/pages\/586\/revisions"}],"predecessor-version":[{"id":832,"href":"https:\/\/somanimaanimal.org\/cat\/wp-json\/wp\/v2\/pages\/586\/revisions\/832"}],"wp:attachment":[{"href":"https:\/\/somanimaanimal.org\/cat\/wp-json\/wp\/v2\/media?parent=586"}],"curies":[{"name":"wp","href":"https:\/\/api.w.org\/{rel}","templated":true}]}}