{"id":5,"date":"2018-07-26T10:51:02","date_gmt":"2018-07-26T10:51:02","guid":{"rendered":"https:\/\/somanimaanimal.wordpress.com\/?page_id=2"},"modified":"2020-11-14T19:45:55","modified_gmt":"2020-11-14T17:45:55","slug":"que-es-animal","status":"publish","type":"page","link":"https:\/\/somanimaanimal.org\/cat\/que-es-animal\/","title":{"rendered":"\u00bfQu\u00e8 \u00e9s \u00e0nimaL?"},"content":{"rendered":"<p><strong>Catal\u00e0<\/strong> \/ <a href=\"https:\/\/somanimaanimal.org\/es\/que-es-animal\/\">Castellano<\/a><\/p>\n<p style=\"text-align: justify;\">Nascuda a la ciutat de Matar\u00f3 (Barcelona) a principis del 2018 i constitu\u00efda formalment el novembre de 2019, <strong><em>\u00e0nimaL<\/em> <\/strong>(\u00e0nima animal) \u00e9s una organitzaci\u00f3 sense \u00e0nim de lucre, de persones conscients de la necessitat de treballar per un canvi en la consideraci\u00f3 i el tracte que tenim cap als altres animals, tant humans com no humans.<\/p>\n<p style=\"text-align: justify;\">Sabem que <strong>les decisions que prenem en el dia a dia<\/strong>, ja siguin en alimentaci\u00f3, vestimenta, higiene personal o de la llar, oci, entre moltes altres, <strong>influeixen i repercuteixen fortament en la salut i les vides de tots els \u00e9ssers, societats, ecosistemes i planeta<\/strong>. Per aix\u00f2, estem recopilant i elaborant material (que anireu trobant aqu\u00ed) per informar sobre l&#8217;impacte que els \u00e9ssers humans causem als animals, a la nostra salut (mental, f\u00edsica, social) i al planeta i sobre com podem fer que, a poc a poc, aquest impacte sigui el menys perjudicial possible i fins i tot positiu. <strong>Organitzem, col\u00b7laborem i participem en esdeveniments, xerrades i confer\u00e8ncies, tallers, accions reivindicatives pac\u00edfiques, jornades de treball voluntari, esdeveniments de suport i recaptaci\u00f3 per santuaris i causes afins, etc.<\/strong><\/p>\n<p style=\"text-align: justify;\">Creiem que una <strong>forma de pensament i de sentir<\/strong> en coher\u00e8ncia amb aix\u00f2 \u00e9s el<strong> veganisme<\/strong>. Aquest terme va ser encunyat per Donaldson i Shrigley (1944), i es tracta d&#8217;una <strong>postura \u00e8tica, pol\u00edtica i estil de vida<\/strong> que <strong>rebutja la consideraci\u00f3 dels animals com a simples objectes que poden ser utilitzats com a propietat o recurs<\/strong>, i que comporta el rebuig de tot tipus d&#8217;explotaci\u00f3, de manera que tota acci\u00f3 o modus vivendi que comporti fer mal a altres \u00e9ssers ser\u00e0 generalment rebutjat. Per exemple: alimentar-se amb carn d&#8217;animals, ous, llet; vestir amb pells o cuir; utilitzar rucs o cavalls com a eines de c\u00e0rrega; utilitzar cosm\u00e8tica testada en animals, etc. Aix\u00ed, la clau d&#8217;aquest posicionament vital \u00e9s <strong>evitar causar dany i patiment<\/strong> a \u00e9ssers que volen evitar-ho.<\/p>\n<p style=\"text-align: justify;\">El veganisme contempla la realitat de la <strong>sinti\u00e8ncia<\/strong> com a clau per a considerar la necessitat d&#8217;uns &#8220;drets animals&#8221; (en el sentit moral de la paraula), \u00e9s a dir, es t\u00e9 en compte com a base fonamental la <strong>capacitat dels animals de sentir, de tenir experi\u00e8ncies subjectives com ara sensacions, desitjos, emocions, sentiments, i de tenir interessos, com \u00e9s el fonamental en continuar la pr\u00f2pia exist\u00e8ncia i evitar el dany<\/strong>. Contempla aix\u00ed mateix l&#8217;<em><strong>ag\u00e8ncia<\/strong><\/em>, consistent en la <strong>capacitat d&#8217;expressar la seva sinti\u00e8ncia i les seves prefer\u00e8ncies, tant positives com negatives<\/strong>.<\/p>\n<p style=\"text-align: justify;\">Aquesta postura s&#8217;aparta de l&#8217;<strong>especisme<\/strong> en tant que rebutja la participaci\u00f3 o foment de qualsevol tipus d&#8217;explotaci\u00f3, partint d&#8217;una visi\u00f3 que no discrimina arbitr\u00e0riament i moralment a \u00e9ssers per criteris irrellevants, com ara el sexe, el g\u00e8nere, l&#8217;\u00e8tnia, l&#8217;esp\u00e8cie, la intel\u00b7lig\u00e8ncia, etc., aplicant el <strong>principi \u00e8tic d&#8217;igualtat<\/strong>.<\/p>\n<p style=\"text-align: justify;\">Al contrari del benestarisme, que se centra en reduir les condicions de patiment en el context de l&#8217;explotaci\u00f3 animal, el veganisme busca l&#8217;erradicaci\u00f3 de l&#8217;explotaci\u00f3 perqu\u00e8 reconeix el <strong>dret de tot \u00e9sser a viure i gaudir de la vida, a no ser tractat com una simple propietat dels humans<\/strong>. <strong>Matar un animal implica la vulneraci\u00f3 dels seus drets<\/strong>, al marge del tipus de vida que se li permet\u00e9s portar o el m\u00e8tode emprat per acabar amb ella. Des del veganisme (antiespecista) es tenen en compte els <strong>interessos de tots els \u00e9ssers<\/strong> i s&#8217;est\u00e0 en contra de l&#8217;antropocentrisme -la forma m\u00e9s comuna i arrel de l&#8217;especisme-, de la misantropia o qualsevol altra forma de especisme.<\/p>\n<p style=\"text-align: justify;\">Perqu\u00e8 totes les vides importen, perqu\u00e8 un m\u00f3n millor \u00e9s possible. El canvi ja est\u00e0 en marxa i \u00e9s gr\u00e0cies a totes vosaltres.<\/p>\n<p>Que les nostres petjades siguin lleugeres i verdes,<\/p>\n<p>Salut!<\/p>\n<p><img loading=\"lazy\" decoding=\"async\" class=\"alignnone wp-image-374 size-full\" src=\"https:\/\/somanimaanimal.org\/cat\/wp-content\/uploads\/sites\/4\/2019\/11\/WhatsApp-Image-2019-09-15-at-19.32.531.jpeg\" alt=\"\" width=\"1500\" height=\"1500\" srcset=\"https:\/\/somanimaanimal.org\/cat\/wp-content\/uploads\/sites\/4\/2019\/11\/WhatsApp-Image-2019-09-15-at-19.32.531.jpeg 1500w, https:\/\/somanimaanimal.org\/cat\/wp-content\/uploads\/sites\/4\/2019\/11\/WhatsApp-Image-2019-09-15-at-19.32.531-150x150.jpeg 150w, https:\/\/somanimaanimal.org\/cat\/wp-content\/uploads\/sites\/4\/2019\/11\/WhatsApp-Image-2019-09-15-at-19.32.531-300x300.jpeg 300w, https:\/\/somanimaanimal.org\/cat\/wp-content\/uploads\/sites\/4\/2019\/11\/WhatsApp-Image-2019-09-15-at-19.32.531-768x768.jpeg 768w, https:\/\/somanimaanimal.org\/cat\/wp-content\/uploads\/sites\/4\/2019\/11\/WhatsApp-Image-2019-09-15-at-19.32.531-1024x1024.jpeg 1024w\" sizes=\"auto, (max-width: 1500px) 100vw, 1500px\" \/><img loading=\"lazy\" decoding=\"async\" class=\"alignnone wp-image-377 size-full\" src=\"https:\/\/somanimaanimal.org\/cat\/wp-content\/uploads\/sites\/4\/2019\/11\/WhatsApp-Image-2019-09-07-at-14.54.53.jpeg\" alt=\"\" width=\"1600\" height=\"1200\" srcset=\"https:\/\/somanimaanimal.org\/cat\/wp-content\/uploads\/sites\/4\/2019\/11\/WhatsApp-Image-2019-09-07-at-14.54.53.jpeg 1600w, https:\/\/somanimaanimal.org\/cat\/wp-content\/uploads\/sites\/4\/2019\/11\/WhatsApp-Image-2019-09-07-at-14.54.53-300x225.jpeg 300w, https:\/\/somanimaanimal.org\/cat\/wp-content\/uploads\/sites\/4\/2019\/11\/WhatsApp-Image-2019-09-07-at-14.54.53-768x576.jpeg 768w, https:\/\/somanimaanimal.org\/cat\/wp-content\/uploads\/sites\/4\/2019\/11\/WhatsApp-Image-2019-09-07-at-14.54.53-1024x768.jpeg 1024w, https:\/\/somanimaanimal.org\/cat\/wp-content\/uploads\/sites\/4\/2019\/11\/WhatsApp-Image-2019-09-07-at-14.54.53-400x300.jpeg 400w\" sizes=\"auto, (max-width: 1600px) 100vw, 1600px\" \/><img loading=\"lazy\" decoding=\"async\" class=\"alignnone wp-image-375 size-full\" src=\"https:\/\/somanimaanimal.org\/cat\/wp-content\/uploads\/sites\/4\/2019\/11\/WhatsApp-Image-2019-09-07-at-14.54.54.jpeg\" alt=\"\" width=\"1600\" height=\"1200\" srcset=\"https:\/\/somanimaanimal.org\/cat\/wp-content\/uploads\/sites\/4\/2019\/11\/WhatsApp-Image-2019-09-07-at-14.54.54.jpeg 1600w, https:\/\/somanimaanimal.org\/cat\/wp-content\/uploads\/sites\/4\/2019\/11\/WhatsApp-Image-2019-09-07-at-14.54.54-300x225.jpeg 300w, https:\/\/somanimaanimal.org\/cat\/wp-content\/uploads\/sites\/4\/2019\/11\/WhatsApp-Image-2019-09-07-at-14.54.54-768x576.jpeg 768w, https:\/\/somanimaanimal.org\/cat\/wp-content\/uploads\/sites\/4\/2019\/11\/WhatsApp-Image-2019-09-07-at-14.54.54-1024x768.jpeg 1024w, https:\/\/somanimaanimal.org\/cat\/wp-content\/uploads\/sites\/4\/2019\/11\/WhatsApp-Image-2019-09-07-at-14.54.54-400x300.jpeg 400w\" sizes=\"auto, (max-width: 1600px) 100vw, 1600px\" \/><\/p>\n<p><img loading=\"lazy\" decoding=\"async\" class=\"alignnone wp-image-372 size-full\" src=\"https:\/\/somanimaanimal.org\/cat\/wp-content\/uploads\/sites\/4\/2019\/11\/flyer-cat-2019-v3-p1anvers.png\" alt=\"\" width=\"794\" height=\"1123\" srcset=\"https:\/\/somanimaanimal.org\/cat\/wp-content\/uploads\/sites\/4\/2019\/11\/flyer-cat-2019-v3-p1anvers.png 794w, https:\/\/somanimaanimal.org\/cat\/wp-content\/uploads\/sites\/4\/2019\/11\/flyer-cat-2019-v3-p1anvers-212x300.png 212w, https:\/\/somanimaanimal.org\/cat\/wp-content\/uploads\/sites\/4\/2019\/11\/flyer-cat-2019-v3-p1anvers-768x1086.png 768w, https:\/\/somanimaanimal.org\/cat\/wp-content\/uploads\/sites\/4\/2019\/11\/flyer-cat-2019-v3-p1anvers-724x1024.png 724w\" sizes=\"auto, (max-width: 794px) 100vw, 794px\" \/><img loading=\"lazy\" decoding=\"async\" class=\"alignnone wp-image-371 size-full\" src=\"https:\/\/somanimaanimal.org\/cat\/wp-content\/uploads\/sites\/4\/2019\/11\/flyer-cat-2019-v3-p2revers.png\" alt=\"\" width=\"794\" height=\"1123\" srcset=\"https:\/\/somanimaanimal.org\/cat\/wp-content\/uploads\/sites\/4\/2019\/11\/flyer-cat-2019-v3-p2revers.png 794w, https:\/\/somanimaanimal.org\/cat\/wp-content\/uploads\/sites\/4\/2019\/11\/flyer-cat-2019-v3-p2revers-212x300.png 212w, https:\/\/somanimaanimal.org\/cat\/wp-content\/uploads\/sites\/4\/2019\/11\/flyer-cat-2019-v3-p2revers-768x1086.png 768w, https:\/\/somanimaanimal.org\/cat\/wp-content\/uploads\/sites\/4\/2019\/11\/flyer-cat-2019-v3-p2revers-724x1024.png 724w\" sizes=\"auto, (max-width: 794px) 100vw, 794px\" \/><\/p>\n","protected":false},"excerpt":{"rendered":"<p>Catal\u00e0 \/ Castellano Nascuda a la ciutat de Matar\u00f3 (Barcelona) a principis del 2018 i constitu\u00efda formalment el novembre de 2019, \u00e0nimaL (\u00e0nima animal) \u00e9s una organitzaci\u00f3 sense \u00e0nim de lucre, de persones conscients de la necessitat de treballar per un canvi en la consideraci\u00f3 i el tracte que tenim cap als altres animals, tant &hellip; <a href=\"https:\/\/somanimaanimal.org\/cat\/que-es-animal\/\" class=\"more-link\">Continua la lectura de <span class=\"screen-reader-text\">\u00bfQu\u00e8 \u00e9s \u00e0nimaL?<\/span> <span class=\"meta-nav\">&rarr;<\/span><\/a><\/p>\n","protected":false},"author":5,"featured_media":0,"parent":0,"menu_order":1,"comment_status":"closed","ping_status":"closed","template":"","meta":{"footnotes":""},"class_list":["post-5","page","type-page","status-publish","hentry"],"_links":{"self":[{"href":"https:\/\/somanimaanimal.org\/cat\/wp-json\/wp\/v2\/pages\/5","targetHints":{"allow":["GET"]}}],"collection":[{"href":"https:\/\/somanimaanimal.org\/cat\/wp-json\/wp\/v2\/pages"}],"about":[{"href":"https:\/\/somanimaanimal.org\/cat\/wp-json\/wp\/v2\/types\/page"}],"author":[{"embeddable":true,"href":"https:\/\/somanimaanimal.org\/cat\/wp-json\/wp\/v2\/users\/5"}],"replies":[{"embeddable":true,"href":"https:\/\/somanimaanimal.org\/cat\/wp-json\/wp\/v2\/comments?post=5"}],"version-history":[{"count":12,"href":"https:\/\/somanimaanimal.org\/cat\/wp-json\/wp\/v2\/pages\/5\/revisions"}],"predecessor-version":[{"id":865,"href":"https:\/\/somanimaanimal.org\/cat\/wp-json\/wp\/v2\/pages\/5\/revisions\/865"}],"wp:attachment":[{"href":"https:\/\/somanimaanimal.org\/cat\/wp-json\/wp\/v2\/media?parent=5"}],"curies":[{"name":"wp","href":"https:\/\/api.w.org\/{rel}","templated":true}]}}