{"id":447,"date":"2020-01-12T21:33:49","date_gmt":"2020-01-12T19:33:49","guid":{"rendered":"http:\/\/somanimaanimal.org\/cat\/?page_id=447"},"modified":"2020-01-19T17:35:04","modified_gmt":"2020-01-19T15:35:04","slug":"cookies","status":"publish","type":"page","link":"https:\/\/somanimaanimal.org\/cat\/cookies\/","title":{"rendered":"Informaci\u00f3 sobre cookies"},"content":{"rendered":"\n<p>Una <em>cookie<\/em> \u00e9s un fragment d\u2019informaci\u00f3 en forma d\u2019un petit fitxer de text que es col\u00b7loca al disc dur d\u2019un usuari d\u2019internet. \u00c9s generada per un servidor de p\u00e0gines web, que \u00e9s b\u00e0sicament l\u2019ordinador que opera un lloc web. La informaci\u00f3 que cont\u00e9 la <em>cookie<\/em> la configura el servidor i pot ser utilitzada per aquest sempre que l&#8217;usuari visiti el lloc. Es pot pensar en una<em> cookie<\/em> com la targeta d\u2019identificaci\u00f3 d\u2019un usuari d\u2019internet, que indica a un lloc web quan l\u2019usuari ha tornat.<\/p>\n\n\n\n<p>Aquest lloc web utilitza \u00fanicament <em>cookies<\/em> t\u00e8cniques que permeten el correcte funcionament de la p\u00e0gina web. No es fan servir <em>cookies<\/em> de tercers ni es fa cap tipus de seguiment als usuaris. Segons el punt 2 de l&#8217;article 22 de la<em> Llei 34\/2002, d&#8217;11 de juliol, de serveis de la societat de la informaci\u00f3 i de comer\u00e7 electr\u00f2nic<\/em> (<a href=\"https:\/\/www.boe.es\/buscar\/act.php?id=BOE-A-2002-13758\">LSSI<\/a>), en aquest cas no \u00e9s necessari sol\u00b7licitar el consentiment de l&#8217;usuari.<\/p>\n\n\n\n<p><em>Primera versi\u00f3. 12 de gener de 2020.<\/em><\/p>\n","protected":false},"excerpt":{"rendered":"<p>Una cookie \u00e9s un fragment d\u2019informaci\u00f3 en forma d\u2019un petit fitxer de text que es col\u00b7loca al disc dur d\u2019un usuari d\u2019internet. \u00c9s generada per un servidor de p\u00e0gines web, que \u00e9s b\u00e0sicament l\u2019ordinador que opera un lloc web. La informaci\u00f3 que cont\u00e9 la cookie la configura el servidor i pot ser utilitzada per aquest &hellip; <a href=\"https:\/\/somanimaanimal.org\/cat\/cookies\/\" class=\"more-link\">Continua la lectura de <span class=\"screen-reader-text\">Informaci\u00f3 sobre cookies<\/span> <span class=\"meta-nav\">&rarr;<\/span><\/a><\/p>\n","protected":false},"author":1,"featured_media":0,"parent":0,"menu_order":0,"comment_status":"closed","ping_status":"closed","template":"","meta":{"footnotes":""},"class_list":["post-447","page","type-page","status-publish","hentry"],"_links":{"self":[{"href":"https:\/\/somanimaanimal.org\/cat\/wp-json\/wp\/v2\/pages\/447","targetHints":{"allow":["GET"]}}],"collection":[{"href":"https:\/\/somanimaanimal.org\/cat\/wp-json\/wp\/v2\/pages"}],"about":[{"href":"https:\/\/somanimaanimal.org\/cat\/wp-json\/wp\/v2\/types\/page"}],"author":[{"embeddable":true,"href":"https:\/\/somanimaanimal.org\/cat\/wp-json\/wp\/v2\/users\/1"}],"replies":[{"embeddable":true,"href":"https:\/\/somanimaanimal.org\/cat\/wp-json\/wp\/v2\/comments?post=447"}],"version-history":[{"count":3,"href":"https:\/\/somanimaanimal.org\/cat\/wp-json\/wp\/v2\/pages\/447\/revisions"}],"predecessor-version":[{"id":454,"href":"https:\/\/somanimaanimal.org\/cat\/wp-json\/wp\/v2\/pages\/447\/revisions\/454"}],"wp:attachment":[{"href":"https:\/\/somanimaanimal.org\/cat\/wp-json\/wp\/v2\/media?parent=447"}],"curies":[{"name":"wp","href":"https:\/\/api.w.org\/{rel}","templated":true}]}}