{"id":428,"date":"2019-12-06T18:45:04","date_gmt":"2019-12-06T16:45:04","guid":{"rendered":"http:\/\/somanimaanimal.org\/cat\/?page_id=428"},"modified":"2020-06-27T18:52:21","modified_gmt":"2020-06-27T16:52:21","slug":"avis-legal","status":"publish","type":"page","link":"https:\/\/somanimaanimal.org\/cat\/avis-legal\/","title":{"rendered":"Av\u00eds legal"},"content":{"rendered":"\n<p>El propietari d&#8217;aquesta web \u00e9s l&#8217;<strong>Associaci\u00f3 \u00e0nimaL: som \u00e0nima animal<\/strong>, amb NIF <strong>G67538744<\/strong> i adre\u00e7a al passatge dels Comtes Mir i Borrell 22, 7\u00e8 A de Matar\u00f3 (08302). Es tracta d&#8217;una associaci\u00f3 sense \u00e0nim de lucre amb aquests <a href=\"https:\/\/somanimaanimal.org\/cat\/estatuts\/\">estatuts<\/a> i dades de <a href=\"https:\/\/somanimaanimal.org\/cat\/contacta\/\">contacte<\/a>, inscrita al Registre d&#8217;associacions de la Generalitat de Catalunya amb data 26 de maig de 2020 (n\u00fam. d\u2019inscripci\u00f3 67623) i al Registre municipal d&#8217;entitats de l&#8217;Ajuntament de Matar\u00f3 amb data 8 de juny de 2020 (n\u00fam. d&#8217;inscripci\u00f3 935).<\/p>\n\n\n\n<p>Podeu consultar les nostres pol\u00edtiques de privacitat i <em>cookies<\/em> en els seg\u00fcents enlla\u00e7os:<\/p>\n\n\n\n<ul class=\"wp-block-list\"><li><a href=\"https:\/\/somanimaanimal.org\/cat\/politica-de-privacitat\/\">Pol\u00edtica de privacitat<\/a><\/li><li><a href=\"https:\/\/somanimaanimal.org\/cat\/cookies\/\">Informaci\u00f3 de <em>cookies<\/em><\/a><\/li><\/ul>\n\n\n\n<p><em>Segona versi\u00f3, 27 de juny de 2020. Versions anteriors <a href=\"https:\/\/somanimaanimal.org\/cat\/wp-content\/uploads\/sites\/4\/2020\/06\/Av\u00eds-legal-anteriors-CAT.pdf\">aqu\u00ed<\/a>.<\/em><\/p>\n","protected":false},"excerpt":{"rendered":"<p>El propietari d&#8217;aquesta web \u00e9s l&#8217;Associaci\u00f3 \u00e0nimaL: som \u00e0nima animal, amb NIF G67538744 i adre\u00e7a al passatge dels Comtes Mir i Borrell 22, 7\u00e8 A de Matar\u00f3 (08302). Es tracta d&#8217;una associaci\u00f3 sense \u00e0nim de lucre amb aquests estatuts i dades de contacte, inscrita al Registre d&#8217;associacions de la Generalitat de Catalunya amb data 26 &hellip; <a href=\"https:\/\/somanimaanimal.org\/cat\/avis-legal\/\" class=\"more-link\">Continua la lectura de <span class=\"screen-reader-text\">Av\u00eds legal<\/span> <span class=\"meta-nav\">&rarr;<\/span><\/a><\/p>\n","protected":false},"author":1,"featured_media":0,"parent":0,"menu_order":0,"comment_status":"closed","ping_status":"closed","template":"","meta":{"footnotes":""},"class_list":["post-428","page","type-page","status-publish","hentry"],"_links":{"self":[{"href":"https:\/\/somanimaanimal.org\/cat\/wp-json\/wp\/v2\/pages\/428","targetHints":{"allow":["GET"]}}],"collection":[{"href":"https:\/\/somanimaanimal.org\/cat\/wp-json\/wp\/v2\/pages"}],"about":[{"href":"https:\/\/somanimaanimal.org\/cat\/wp-json\/wp\/v2\/types\/page"}],"author":[{"embeddable":true,"href":"https:\/\/somanimaanimal.org\/cat\/wp-json\/wp\/v2\/users\/1"}],"replies":[{"embeddable":true,"href":"https:\/\/somanimaanimal.org\/cat\/wp-json\/wp\/v2\/comments?post=428"}],"version-history":[{"count":6,"href":"https:\/\/somanimaanimal.org\/cat\/wp-json\/wp\/v2\/pages\/428\/revisions"}],"predecessor-version":[{"id":741,"href":"https:\/\/somanimaanimal.org\/cat\/wp-json\/wp\/v2\/pages\/428\/revisions\/741"}],"wp:attachment":[{"href":"https:\/\/somanimaanimal.org\/cat\/wp-json\/wp\/v2\/media?parent=428"}],"curies":[{"name":"wp","href":"https:\/\/api.w.org\/{rel}","templated":true}]}}