{"id":414,"date":"2019-11-29T20:55:48","date_gmt":"2019-11-29T18:55:48","guid":{"rendered":"http:\/\/somanimaanimal.org\/cat\/?page_id=414"},"modified":"2024-04-14T20:12:39","modified_gmt":"2024-04-14T18:12:39","slug":"sollicitud-dalta-de-socia-soci","status":"publish","type":"page","link":"https:\/\/somanimaanimal.org\/cat\/sollicitud-dalta-de-socia-soci\/","title":{"rendered":"Sol\u00b7licitud d&#8217;alta de s\u00f2cia \/ soci"},"content":{"rendered":"<p>Tens ganes de fer activisme? Vols col\u00b7laborar amb una associaci\u00f3 local que treballa per a la defensa dels drets dels animals i la promoci\u00f3 del veganisme? Ajuda&#8217;ns a canviar els esquemes mentals que provoquen tant de patiment!<\/p>\n<p>Som una associaci\u00f3 completament oberta i transparent: formant-ne part, podr\u00e0s participar a totes les reunions de junta, grups de treball i assemblees i ajudar a decidir qu\u00e8 fem i com ho fem.<\/p>\n<p>La quota de s\u00f2cia \u00e9s d&#8217;un euro mensual (12 euros anuals) que es paga a trav\u00e9s de <a href=\"https:\/\/www.teaming.net\/somanimaanimal\">Teaming<\/a> i \u00e9s desgravable fiscalment.<\/p>\n<p>Nom\u00e9s cal que ens escriguis a <a href=\"mailto:somanimaanimal@gmail.com\">somanimaanimal@gmail.com<\/a> i gestionarem la teva alta. T&#8217;hi esperem!!<\/p>\n","protected":false},"excerpt":{"rendered":"<p>Tens ganes de fer activisme? Vols col\u00b7laborar amb una associaci\u00f3 local que treballa per a la defensa dels drets dels animals i la promoci\u00f3 del veganisme? Ajuda&#8217;ns a canviar els esquemes mentals que provoquen tant de patiment! Som una associaci\u00f3 completament oberta i transparent: formant-ne part, podr\u00e0s participar a totes les reunions de junta, grups &hellip; <a href=\"https:\/\/somanimaanimal.org\/cat\/sollicitud-dalta-de-socia-soci\/\" class=\"more-link\">Continua la lectura de <span class=\"screen-reader-text\">Sol\u00b7licitud d&#8217;alta de s\u00f2cia \/ soci<\/span> <span class=\"meta-nav\">&rarr;<\/span><\/a><\/p>\n","protected":false},"author":1,"featured_media":0,"parent":0,"menu_order":0,"comment_status":"closed","ping_status":"closed","template":"","meta":{"footnotes":""},"class_list":["post-414","page","type-page","status-publish","hentry"],"_links":{"self":[{"href":"https:\/\/somanimaanimal.org\/cat\/wp-json\/wp\/v2\/pages\/414","targetHints":{"allow":["GET"]}}],"collection":[{"href":"https:\/\/somanimaanimal.org\/cat\/wp-json\/wp\/v2\/pages"}],"about":[{"href":"https:\/\/somanimaanimal.org\/cat\/wp-json\/wp\/v2\/types\/page"}],"author":[{"embeddable":true,"href":"https:\/\/somanimaanimal.org\/cat\/wp-json\/wp\/v2\/users\/1"}],"replies":[{"embeddable":true,"href":"https:\/\/somanimaanimal.org\/cat\/wp-json\/wp\/v2\/comments?post=414"}],"version-history":[{"count":9,"href":"https:\/\/somanimaanimal.org\/cat\/wp-json\/wp\/v2\/pages\/414\/revisions"}],"predecessor-version":[{"id":1230,"href":"https:\/\/somanimaanimal.org\/cat\/wp-json\/wp\/v2\/pages\/414\/revisions\/1230"}],"wp:attachment":[{"href":"https:\/\/somanimaanimal.org\/cat\/wp-json\/wp\/v2\/media?parent=414"}],"curies":[{"name":"wp","href":"https:\/\/api.w.org\/{rel}","templated":true}]}}