{"id":383,"date":"2019-11-22T20:08:52","date_gmt":"2019-11-22T18:08:52","guid":{"rendered":"http:\/\/somanimaanimal.org\/cat\/?page_id=383"},"modified":"2020-06-07T17:13:59","modified_gmt":"2020-06-07T15:13:59","slug":"estatuts","status":"publish","type":"page","link":"https:\/\/somanimaanimal.org\/cat\/estatuts\/","title":{"rendered":"Estatuts"},"content":{"rendered":"\n<p>Som una associaci\u00f3 sense \u00e0nim de lucre on tothom que comparteixi els nostres valors i finalitats \u00e9s molt benvinguda. Podeu descarregar els estatuts de l&#8217;associaci\u00f3 en el seg\u00fcent enlla\u00e7:<\/p>\n\n\n\n<ul class=\"wp-block-list\"><li><a href=\"https:\/\/somanimaanimal.org\/cat\/wp-content\/uploads\/sites\/4\/2020\/06\/Estatuts-\u00e0nimaL.pdf\">Estatuts d&#8217;\u00e0nimaL<\/a><\/li><\/ul>\n\n\n\n<p>Els estatuts defineixen el funcionament de l&#8217;associaci\u00f3 dins del marc legal vigent i en ells es reflecteixen els nostres valors i finalitats:<\/p>\n\n\n\n<h2 class=\"wp-block-heading\">Els nostres valors<\/h2>\n\n\n\n<p>\nEls\nvalors que inspiren els fins de l\u2019associaci\u00f3 s\u00f3n els seg\u00fcents:<\/p>\n\n\n\n<ol class=\"wp-block-list\"><li> <strong>Veganisme.<\/strong> Definim \u00abveganisme\u00bb com la posici\u00f3 \u00e8tica segons la qual cal rebutjar la conceptualitzaci\u00f3 i utilitzaci\u00f3 dels animals com a recurs de qualsevol tipus. D&#8217;aquesta manera, les persones que adoptem una \u00e8tica vegana som estrictament vegetarianes (ens abstenim de consumir carn, peix, marisc, productes l\u00e0ctics, ous i mel), no adquirim peces de vestir de pell aut\u00e8ntica, llana o seda, rebutgem l\u2019experimentaci\u00f3 en animals, no cacem ni pesquem, no assistim a espectacles amb animals ni els utilitzem per al seu transport o divertiment i  evitem en la mesura del possible causar qualsevol dany f\u00edsic, psicol\u00f2gic o emocional a \u00e9ssers sensibles. <\/li><li> <strong>Antiespecisme.<\/strong> Admetem que no hi ha cap difer\u00e8ncia <em>substancial<\/em> entre l\u2019\u00e9sser hum\u00e0 i la resta d\u2019animals: les difer\u00e8ncies existents s\u00f3n \u00fanicament de grau (els animals tenim unes caracter\u00edstiques comunes que estan desenvolupades de forma diferent a cada esp\u00e8cie, d\u2019entre les quals la intel\u00b7lig\u00e8ncia no \u00e9s necess\u00e0riament la m\u00e9s important). Aix\u00ed, entenem que no \u00e9s \u00e8tic establir difer\u00e8ncies en la consideraci\u00f3 cap als \u00e9ssers vius basades \u00fanicament en la pertinen\u00e7a a una determinada esp\u00e8cie.<\/li><li> <strong>Drets humans. <\/strong>Considerem que el respecte a la Declaraci\u00f3 Universal dels Drets Humans i el que implica \u00e9s un valor fonamental. En particular, reconeixem la necessitat de no discriminar ning\u00fa en base al seu g\u00e8nere, orientaci\u00f3 sexual, religi\u00f3, creences o origen \u00e8tnic, geogr\u00e0fic o social. <\/li><li>\n\t<strong>Conservaci\u00f3\n\tde la natura i el medi ambient.<\/strong>\n\tConsiderem que la conservaci\u00f3 de la naturalesa i el medi ambient \u00e9s\n\tun valor essencial que cal preservar en atenci\u00f3 a les generacions\n\tfutures i a tots els \u00e9ssers vius que depenen del seu entorn.\n<\/li><\/ol>\n\n\n\n<h2 class=\"wp-block-heading\">Les nostres finalitats<\/h2>\n\n\n\n<p>\nEls\nfins de l\u2019associaci\u00f3 s\u00f3n:<\/p>\n\n\n\n<ul class=\"wp-block-list\"><li> Donar a con\u00e8ixer i promoure l&#8217;\u00e8tica vegana, aix\u00ed com els beneficis que t\u00e9 per als animals, la societat, el planeta i la salut. <\/li><li> Promoure l\u2019empatia cap a la resta d\u2019animals, tot exposant les seves caracter\u00edsiques i les seves necessitats naturals. <\/li><li> Sensibilitzar, conscienciar i informar a la poblaci\u00f3 sobre els seg\u00fcents aspectes, tot aportant senzilles pautes de car\u00e0cter quotidi\u00e0 que permetin contrarestar els seus efectes perniciosos: <ul><li> El patiment extrem dels animals de granja. <\/li><li> Les condicions d&#8217;explotaci\u00f3 dels animals a la ind\u00fastria ramadera. <\/li><li> Les conseq\u00fc\u00e8ncies que la pesca i la piscicultura t\u00e9 sobre els animals marins. <\/li><li> Les conseq\u00fc\u00e8ncies que la ca\u00e7a i l&#8217;explotaci\u00f3 del medi natural t\u00e9 sobre els animals silvestres. <\/li><li> Les situacions d&#8217;ab\u00fas dels animals dom\u00e8stics. <\/li><li> El desemparament i situaci\u00f3 dels animals salvatges urbans.  <\/li><li> Les conseq\u00fc\u00e8ncies sobre l&#8217;ecologia i el canvi clim\u00e0tic que t\u00e9 l&#8217;explotaci\u00f3 dels animals.  <\/li><\/ul><\/li><li> Donar suport a persones i fam\u00edlies en el seu tr\u00e0nsit cap a l\u2019adopci\u00f3 d\u2019una \u00e8tica vegana. <\/li><li> Defensar els drets i interessos de les persones i fam\u00edlies veganes.<\/li><\/ul>\n","protected":false},"excerpt":{"rendered":"<p>Som una associaci\u00f3 sense \u00e0nim de lucre on tothom que comparteixi els nostres valors i finalitats \u00e9s molt benvinguda. Podeu descarregar els estatuts de l&#8217;associaci\u00f3 en el seg\u00fcent enlla\u00e7: Estatuts d&#8217;\u00e0nimaL Els estatuts defineixen el funcionament de l&#8217;associaci\u00f3 dins del marc legal vigent i en ells es reflecteixen els nostres valors i finalitats: Els nostres &hellip; <a href=\"https:\/\/somanimaanimal.org\/cat\/estatuts\/\" class=\"more-link\">Continua la lectura de <span class=\"screen-reader-text\">Estatuts<\/span> <span class=\"meta-nav\">&rarr;<\/span><\/a><\/p>\n","protected":false},"author":1,"featured_media":0,"parent":0,"menu_order":0,"comment_status":"closed","ping_status":"closed","template":"","meta":{"footnotes":""},"class_list":["post-383","page","type-page","status-publish","hentry"],"_links":{"self":[{"href":"https:\/\/somanimaanimal.org\/cat\/wp-json\/wp\/v2\/pages\/383","targetHints":{"allow":["GET"]}}],"collection":[{"href":"https:\/\/somanimaanimal.org\/cat\/wp-json\/wp\/v2\/pages"}],"about":[{"href":"https:\/\/somanimaanimal.org\/cat\/wp-json\/wp\/v2\/types\/page"}],"author":[{"embeddable":true,"href":"https:\/\/somanimaanimal.org\/cat\/wp-json\/wp\/v2\/users\/1"}],"replies":[{"embeddable":true,"href":"https:\/\/somanimaanimal.org\/cat\/wp-json\/wp\/v2\/comments?post=383"}],"version-history":[{"count":3,"href":"https:\/\/somanimaanimal.org\/cat\/wp-json\/wp\/v2\/pages\/383\/revisions"}],"predecessor-version":[{"id":723,"href":"https:\/\/somanimaanimal.org\/cat\/wp-json\/wp\/v2\/pages\/383\/revisions\/723"}],"wp:attachment":[{"href":"https:\/\/somanimaanimal.org\/cat\/wp-json\/wp\/v2\/media?parent=383"}],"curies":[{"name":"wp","href":"https:\/\/api.w.org\/{rel}","templated":true}]}}