{"id":19,"date":"2018-07-26T11:06:36","date_gmt":"2018-07-26T11:06:36","guid":{"rendered":"https:\/\/somanimaanimal.wordpress.com\/?page_id=19"},"modified":"2020-11-14T18:33:28","modified_gmt":"2020-11-14T16:33:28","slug":"benvingudes","status":"publish","type":"page","link":"https:\/\/somanimaanimal.org\/cat\/","title":{"rendered":"Benvingudes!"},"content":{"rendered":"<p><strong>Catal\u00e0<\/strong> \/ <a href=\"https:\/\/somanimaanimal.org\/es\/\">Castellano<\/a><\/p>\n<p><strong>Benvingudes \u00e0nimes<\/strong> animals (humanes i no humanes) a <a href=\"https:\/\/somanimaanimal.org\/cat\/que-es-animal\/\">aquest espai compartit<\/a> d\u2019empatia, compassi\u00f3 i ganes de contribuir a que aquest m\u00f3n sigui cada dia una miqueta millor.<\/p>\n<p>Al web que tens davant pots descobrir una mica sobre la nostra hist\u00f2ria i projectes; pots <a href=\"https:\/\/somanimaanimal.org\/cat\/contacta\/\">contactar<\/a> amb nosaltres i fer una ullada als perfils de <a href=\"https:\/\/www.facebook.com\/somanimaanimaL\/\">xarxes socials<\/a>, aix\u00ed com visualitzar<a href=\"https:\/\/somanimaanimal.org\/cat\/recursos\/\"> materials que compartim<\/a> i que ens agradaria co-crear amb tu.<\/p>\n<p>Estem obertes a suggeriments, col\u00b7laboracions, <a href=\"https:\/\/somanimaanimal.org\/cat\/sollicitud-dalta-de-socia-soci\/\">voluntariats<\/a> i a compartir materials que tinguin objectius comuns. <em>Coopera i vencer\u00e0s<\/em>, que va dir un dia una companya. Fem-ho juntes.<\/p>\n<p>Una forta abra\u00e7ada,<\/p>\n<p><img loading=\"lazy\" decoding=\"async\" class=\"alignnone  wp-image-188\" src=\"https:\/\/somanimaanimal.org\/cat\/wp-content\/uploads\/sites\/4\/2019\/06\/c3a0l_logo_white-e1561208253959.png\" alt=\"\u00e0L_logo_white\" width=\"159\" height=\"68\" srcset=\"https:\/\/somanimaanimal.org\/cat\/wp-content\/uploads\/sites\/4\/2019\/06\/c3a0l_logo_white-e1561208253959.png 960w, https:\/\/somanimaanimal.org\/cat\/wp-content\/uploads\/sites\/4\/2019\/06\/c3a0l_logo_white-e1561208253959-300x128.png 300w, https:\/\/somanimaanimal.org\/cat\/wp-content\/uploads\/sites\/4\/2019\/06\/c3a0l_logo_white-e1561208253959-768x328.png 768w\" sizes=\"auto, (max-width: 159px) 100vw, 159px\" \/><\/p>\n<p>*Pots seguir-nos i contactar-nos a trav\u00e9s del correu <a href=\"mailto:somanimaanimal@gmail.com\">somanimaanimal@gmail.com<\/a>, al <a href=\"https:\/\/www.facebook.com\/somanimaanimaL\/\">Facebook<\/a> o <a href=\"https:\/\/www.instagram.com\/somanimaanimal\/\">Instagram<\/a>.<\/p>\n","protected":false},"excerpt":{"rendered":"<p>Catal\u00e0 \/ Castellano Benvingudes \u00e0nimes animals (humanes i no humanes) a aquest espai compartit d\u2019empatia, compassi\u00f3 i ganes de contribuir a que aquest m\u00f3n sigui cada dia una miqueta millor. Al web que tens davant pots descobrir una mica sobre la nostra hist\u00f2ria i projectes; pots contactar amb nosaltres i fer una ullada als perfils &hellip; <a href=\"https:\/\/somanimaanimal.org\/cat\/\" class=\"more-link\">Continua la lectura de <span class=\"screen-reader-text\">Benvingudes!<\/span> <span class=\"meta-nav\">&rarr;<\/span><\/a><\/p>\n","protected":false},"author":5,"featured_media":0,"parent":0,"menu_order":0,"comment_status":"closed","ping_status":"closed","template":"","meta":{"footnotes":""},"class_list":["post-19","page","type-page","status-publish","hentry"],"_links":{"self":[{"href":"https:\/\/somanimaanimal.org\/cat\/wp-json\/wp\/v2\/pages\/19","targetHints":{"allow":["GET"]}}],"collection":[{"href":"https:\/\/somanimaanimal.org\/cat\/wp-json\/wp\/v2\/pages"}],"about":[{"href":"https:\/\/somanimaanimal.org\/cat\/wp-json\/wp\/v2\/types\/page"}],"author":[{"embeddable":true,"href":"https:\/\/somanimaanimal.org\/cat\/wp-json\/wp\/v2\/users\/5"}],"replies":[{"embeddable":true,"href":"https:\/\/somanimaanimal.org\/cat\/wp-json\/wp\/v2\/comments?post=19"}],"version-history":[{"count":8,"href":"https:\/\/somanimaanimal.org\/cat\/wp-json\/wp\/v2\/pages\/19\/revisions"}],"predecessor-version":[{"id":861,"href":"https:\/\/somanimaanimal.org\/cat\/wp-json\/wp\/v2\/pages\/19\/revisions\/861"}],"wp:attachment":[{"href":"https:\/\/somanimaanimal.org\/cat\/wp-json\/wp\/v2\/media?parent=19"}],"curies":[{"name":"wp","href":"https:\/\/api.w.org\/{rel}","templated":true}]}}