{"id":166,"date":"2019-05-11T11:26:12","date_gmt":"2019-05-11T09:26:12","guid":{"rendered":"https:\/\/somanimaanimal.wordpress.com\/?page_id=166"},"modified":"2022-03-05T18:55:47","modified_gmt":"2022-03-05T16:55:47","slug":"articles","status":"publish","type":"page","link":"https:\/\/somanimaanimal.org\/cat\/articles\/","title":{"rendered":"Articles de premsa"},"content":{"rendered":"<p><strong>Catal\u00e0<\/strong> \/ <a href=\"https:\/\/somanimaanimal.org\/es\/articulos\">Castellano<\/a><\/p>\n<p>Aqu\u00ed pots consultar els articles que anem publicant en premsa.<\/p>\n<ul>\n<li>&#8220;<a href=\"https:\/\/www.tribunamaresme.com\/especisme-la-discriminacio-oculta\/\"><strong>Especisme, la discriminaci\u00f3 oculta<\/strong><\/a>&#8220;, Tribuna Maresma, febrer de 2022<\/li>\n<li>&#8220;<a href=\"https:\/\/www.tribunamaresme.com\/reencarnacio\/\"><strong>Reencarnaci\u00f3<\/strong><\/a>&#8220;, Tribuna Maresme, gener de 2022<\/li>\n<li>&#8220;<a href=\"https:\/\/www.tribunamaresme.com\/senten-dolor-els-peixos\/\"><strong>Senten dolor els peixos?<\/strong><\/a>&#8220;, Tribuna Maresme, desembre de 2021<\/li>\n<li>&#8220;<a href=\"https:\/\/www.tribunamaresme.com\/compravenda-de-vides\/\"><strong>Compravenda de vides<\/strong><\/a>&#8220;, Tribuna Maresme, novembre de 2021<\/li>\n<li>&#8220;<a href=\"https:\/\/www.tribunamaresme.com\/senglars-qui-molesta-a-qui\/\"><strong>Senglars, qui molesta a qui?<\/strong><\/a>&#8220;, Tribuna Maresme, maig de 2021<\/li>\n<li>&#8220;<a href=\"https:\/\/www.tribunamaresme.com\/carn-laboratori-solucio-real\/\"><strong>La carn de laboratori \u00e9s una soluci\u00f3 real?<\/strong><\/a>&#8220;, Tribuna Maresme, abril 2021<\/li>\n<li>&#8220;<a href=\"https:\/\/www.tribunamaresme.com\/de-labric-a-la-grip\/\"><strong>De l&#8217;abric a la grip<\/strong><\/a>&#8220;, Tribuna Maresme, desembre 2020<\/li>\n<li>&#8220;<a href=\"https:\/\/www.tribunamaresme.com\/sense-perdo\/\"><strong>Sense perd\u00f3<\/strong><\/a>&#8220;, Tribuna Maresme, octubre 2020<\/li>\n<li>&#8220;<a href=\"https:\/\/www.tribunamaresme.com\/temps-obscurs\/\"><strong>Temps obscurs<\/strong><\/a>&#8220;, Tribuna Maresme, setembre 2020<\/li>\n<li>&#8220;<strong><a href=\"http:\/\/www.tribunamaresme.com\/pot-veganisme-frenar-pandemia\/\">Com pot el veganisme\u00a0 frenar una pand\u00e8mia?<\/a><\/strong>&#8220;, Tribuna Maresme, abril 2020<\/li>\n<li>&#8220;<a href=\"http:\/\/www.tribunamaresme.com\/16584-2\/\"><strong>L&#8217;esclavista sensat<\/strong><\/a>&#8220;, Tribuna Maresme, mar\u00e7 2020<\/li>\n<li>&#8220;<a href=\"http:\/\/www.tribunamaresme.com\/feminisme-i-veganisme\/\"><strong>Feminisme i veganisme<\/strong><\/a>&#8220;, Tribuna Maresme, febrer 2020<\/li>\n<li><a href=\"http:\/\/www.tribunamaresme.com\/altres-animals-domestics\/\"><strong>&#8220;Els altres animals dom\u00e8stics&#8221;<\/strong><\/a>, Tribuna Maresme, novembre 2019<\/li>\n<li><strong><a href=\"http:\/\/www.tribunamaresme.com\/correbous-labolicio-pendent\/\">&#8220;Correbous, l&#8217;abolici\u00f3 pendent&#8221;<\/a><\/strong>, Tribuna Maresme, setembre 2019<\/li>\n<li><strong><a href=\"http:\/\/www.tribunamaresme.com\/demanar-perdo-pollastre\/\">&#8220;Demanar perd\u00f3 al pollastre&#8221;<\/a><\/strong>, Tribuna Maresme, agost 2019<\/li>\n<li>&#8220;<strong><a href=\"http:\/\/www.tribunamaresme.com\/que-aixo-veganisme\/\">Qu\u00e8 \u00e9s aix\u00f2 del veganisme?<\/a><\/strong>&#8220;, Tribuna Maresme, juliol 2019<\/li>\n<li>&#8220;<strong><a href=\"https:\/\/somanimaanimal.wordpress.com\/2019\/05\/16\/auxili-la-meva-filla-vol-ser-vegana\/\">Auxili! La meva filla vol ser vegana!<\/a><\/strong>&#8220;, Tribuna Maresme, maig 2019<\/li>\n<\/ul>\n","protected":false},"excerpt":{"rendered":"<p>Catal\u00e0 \/ Castellano Aqu\u00ed pots consultar els articles que anem publicant en premsa. &#8220;Especisme, la discriminaci\u00f3 oculta&#8220;, Tribuna Maresma, febrer de 2022 &#8220;Reencarnaci\u00f3&#8220;, Tribuna Maresme, gener de 2022 &#8220;Senten dolor els peixos?&#8220;, Tribuna Maresme, desembre de 2021 &#8220;Compravenda de vides&#8220;, Tribuna Maresme, novembre de 2021 &#8220;Senglars, qui molesta a qui?&#8220;, Tribuna Maresme, maig de 2021 &hellip; <a href=\"https:\/\/somanimaanimal.org\/cat\/articles\/\" class=\"more-link\">Continua la lectura de <span class=\"screen-reader-text\">Articles de premsa<\/span> <span class=\"meta-nav\">&rarr;<\/span><\/a><\/p>\n","protected":false},"author":1,"featured_media":0,"parent":0,"menu_order":0,"comment_status":"closed","ping_status":"closed","template":"","meta":{"footnotes":""},"class_list":["post-166","page","type-page","status-publish","hentry"],"_links":{"self":[{"href":"https:\/\/somanimaanimal.org\/cat\/wp-json\/wp\/v2\/pages\/166","targetHints":{"allow":["GET"]}}],"collection":[{"href":"https:\/\/somanimaanimal.org\/cat\/wp-json\/wp\/v2\/pages"}],"about":[{"href":"https:\/\/somanimaanimal.org\/cat\/wp-json\/wp\/v2\/types\/page"}],"author":[{"embeddable":true,"href":"https:\/\/somanimaanimal.org\/cat\/wp-json\/wp\/v2\/users\/1"}],"replies":[{"embeddable":true,"href":"https:\/\/somanimaanimal.org\/cat\/wp-json\/wp\/v2\/comments?post=166"}],"version-history":[{"count":18,"href":"https:\/\/somanimaanimal.org\/cat\/wp-json\/wp\/v2\/pages\/166\/revisions"}],"predecessor-version":[{"id":1160,"href":"https:\/\/somanimaanimal.org\/cat\/wp-json\/wp\/v2\/pages\/166\/revisions\/1160"}],"wp:attachment":[{"href":"https:\/\/somanimaanimal.org\/cat\/wp-json\/wp\/v2\/media?parent=166"}],"curies":[{"name":"wp","href":"https:\/\/api.w.org\/{rel}","templated":true}]}}